{"id":3674,"date":"2021-03-30T00:21:19","date_gmt":"2021-03-30T00:21:19","guid":{"rendered":"https:\/\/nathanaelzurbruegg.com\/?page_id=3674"},"modified":"2021-05-11T17:47:42","modified_gmt":"2021-05-11T17:47:42","slug":"theproject","status":"publish","type":"page","link":"https:\/\/nathanaelzurbruegg.com\/de\/theproject\/","title":{"rendered":"Das Projekt"},"content":{"rendered":"<div data-elementor-type=\"wp-page\" data-elementor-id=\"3674\" class=\"elementor elementor-3674\">\n\t\t\t\t\t\t<section class=\"elementor-section elementor-top-section elementor-element elementor-element-85577d8 elementor-section-stretched elementor-section-boxed elementor-section-height-default elementor-section-height-default\" data-id=\"85577d8\" data-element_type=\"section\" data-e-type=\"section\" data-settings=\"{&quot;stretch_section&quot;:&quot;section-stretched&quot;,&quot;background_background&quot;:&quot;classic&quot;}\">\n\t\t\t\t\t\t<div class=\"elementor-container elementor-column-gap-default\">\n\t\t\t\t\t<div class=\"elementor-column elementor-col-100 elementor-top-column elementor-element elementor-element-72e039f\" data-id=\"72e039f\" data-element_type=\"column\" data-e-type=\"column\">\n\t\t\t<div class=\"elementor-widget-wrap elementor-element-populated\">\n\t\t\t\t\t\t<div class=\"elementor-element elementor-element-188d95d elementor-widget elementor-widget-heading\" data-id=\"188d95d\" data-element_type=\"widget\" data-e-type=\"widget\" data-widget_type=\"heading.default\">\n\t\t\t\t<div class=\"elementor-widget-container\">\n\t\t\t\t\t<h1 class=\"elementor-heading-title elementor-size-default\">Das Projekt<\/h1>\t\t\t\t<\/div>\n\t\t\t\t<\/div>\n\t\t\t\t\t<\/div>\n\t\t<\/div>\n\t\t\t\t\t<\/div>\n\t\t<\/section>\n\t\t\t\t<section class=\"elementor-section elementor-top-section elementor-element elementor-element-135b3ced elementor-section-boxed elementor-section-height-default elementor-section-height-default\" data-id=\"135b3ced\" data-element_type=\"section\" data-e-type=\"section\">\n\t\t\t\t\t\t<div class=\"elementor-container elementor-column-gap-no\">\n\t\t\t\t\t<div class=\"elementor-column elementor-col-100 elementor-top-column elementor-element elementor-element-189e1591\" data-id=\"189e1591\" data-element_type=\"column\" data-e-type=\"column\">\n\t\t\t<div class=\"elementor-widget-wrap elementor-element-populated\">\n\t\t\t\t\t\t<div class=\"elementor-element elementor-element-426b8b4 elementor-widget elementor-widget-heading\" data-id=\"426b8b4\" data-element_type=\"widget\" data-e-type=\"widget\" data-widget_type=\"heading.default\">\n\t\t\t\t<div class=\"elementor-widget-container\">\n\t\t\t\t\t<h3 class=\"elementor-heading-title elementor-size-default\"><b style=\"white-space: normal\">Die <i>\u201cLive Life to the Fullest\u201c <\/i>Initiative&nbsp;<\/b><br><\/h3>\t\t\t\t<\/div>\n\t\t\t\t<\/div>\n\t\t\t\t<section class=\"elementor-section elementor-inner-section elementor-element elementor-element-4fc2d5f9 elementor-section-boxed elementor-section-height-default elementor-section-height-default\" data-id=\"4fc2d5f9\" data-element_type=\"section\" data-e-type=\"section\" data-settings=\"{&quot;background_background&quot;:&quot;classic&quot;}\">\n\t\t\t\t\t\t<div class=\"elementor-container elementor-column-gap-default\">\n\t\t\t\t\t<div class=\"elementor-column elementor-col-100 elementor-inner-column elementor-element elementor-element-4d73b21c\" data-id=\"4d73b21c\" data-element_type=\"column\" data-e-type=\"column\">\n\t\t\t<div class=\"elementor-widget-wrap elementor-element-populated\">\n\t\t\t\t\t\t<div class=\"elementor-element elementor-element-4978eb0 elementor-widget elementor-widget-text-editor\" data-id=\"4978eb0\" data-element_type=\"widget\" data-e-type=\"widget\" data-widget_type=\"text-editor.default\">\n\t\t\t\t<div class=\"elementor-widget-container\">\n\t\t\t\t\t\t\t\t\t<div><p align=\"center\"><i>\u201cLive Life to the Fullest\u201c <\/i>ist eine Initiative, die darauf abzielt, in Armut lebenden Menschen zu dienen und ihnen zu helfen, Zugang zu bestm\u00f6glichem Mentoring und Gesundheitsversorgung zu erhalten.<\/p><\/div><div><p align=\"center\">Jedes Menschenleben ist wichtig und verdient eine Chance, wirklich zu <i>leben.<\/i> Aber das ist nicht immer m\u00f6glich, wenn keine emotionale, k\u00f6rperliche und spirituelle medizinische Versorgung verf\u00fcgbar ist. Ich m\u00f6chte ihnen die M\u00f6glichkeit geben \u2013 wie Ich \u2013 diese Welt nicht nur zu <i>\u00fcberleben,<\/i> sondern sie wirklich zu <i>leben. <\/i>it!<span style=\"font-size: 1rem;\">\u00a0<\/span><\/p><\/div><div><p align=\"center\"><b>Was ist der Plan? <\/b><\/p><\/div><div><p align=\"center\">Neben dem Angebot von verg\u00fcnstigten Vortr\u00e4gen und Mentoring f\u00fcr bestimmte Organisationen ist die Vision, neue und verbesserte Krankenh\u00e4user an Orten zu bauen, an denen Menschen aufgrund von Armut kein Zugang zu notwendiger Gesundheitsversorgung haben, um in der Lage zu sein, Menschen physisch, emotional und spirituell zu behandeln, die sonst keinen Zugang zu Behandlungen haben.<span style=\"font-style: inherit;\">\u00a0Mit der Entwicklung dieser Initiative bauen wir derzeit eine nachhaltige, kreative, trendige und profitable Modekollektion auf, die dazu beitragen wird, Spenden zu sammeln.<\/span><span style=\"font-style: inherit;\">.<\/span><\/p><p align=\"center\"><span style=\"font-style: inherit;\">\u00a0<\/span><\/p><p style=\"text-align: center;\"><span style=\"font-size: 16px; font-weight: bold;\">\ud83d\udc47\ud83c\udffcCheck out the fashion line shop!\ud83d\udc47\ud83c\udffc<\/span><span style=\"font-size: 16px; font-weight: bold;\">\u00a0<\/span><\/p><\/div>\t\t\t\t\t\t\t\t<\/div>\n\t\t\t\t<\/div>\n\t\t\t\t<div class=\"elementor-element elementor-element-64cda8f elementor-align-center elementor-widget elementor-widget-button\" data-id=\"64cda8f\" data-element_type=\"widget\" data-e-type=\"widget\" data-widget_type=\"button.default\">\n\t\t\t\t<div class=\"elementor-widget-container\">\n\t\t\t\t\t\t\t\t\t<div class=\"elementor-button-wrapper\">\n\t\t\t\t\t<a class=\"elementor-button elementor-button-link elementor-size-sm\" href=\"https:\/\/nathanaelzurbruegg.com\/de\/shop\/\" target=\"_blank\">\n\t\t\t\t\t\t<span class=\"elementor-button-content-wrapper\">\n\t\t\t\t\t\t\t\t\t<span class=\"elementor-button-text\">SHOP<\/span>\n\t\t\t\t\t<\/span>\n\t\t\t\t\t<\/a>\n\t\t\t\t<\/div>\n\t\t\t\t\t\t\t\t<\/div>\n\t\t\t\t<\/div>\n\t\t\t\t<div class=\"elementor-element elementor-element-4f2c81b elementor-widget elementor-widget-spacer\" data-id=\"4f2c81b\" data-element_type=\"widget\" data-e-type=\"widget\" data-widget_type=\"spacer.default\">\n\t\t\t\t<div class=\"elementor-widget-container\">\n\t\t\t\t\t\t\t<div class=\"elementor-spacer\">\n\t\t\t<div class=\"elementor-spacer-inner\"><\/div>\n\t\t<\/div>\n\t\t\t\t\t\t<\/div>\n\t\t\t\t<\/div>\n\t\t\t\t<div class=\"elementor-element elementor-element-6f2c226 elementor-widget elementor-widget-text-editor\" data-id=\"6f2c226\" data-element_type=\"widget\" data-e-type=\"widget\" data-widget_type=\"text-editor.default\">\n\t\t\t\t<div class=\"elementor-widget-container\">\n\t\t\t\t\t\t\t\t\t<p style=\"text-align: center;\">Die Mission ist es au\u00dferdem, Menschen aus der ganzen Welt zu versammeln, die bereit w\u00e4ren, durch Spenden beizutragen. Willst Du mir beitreten und Menschen aus aller Welt eine echte Chance auf ein Leben geben?\u00a0<\/p><p style=\"text-align: center;\">Leiste noch heute Deinen Beitrag!\u00a0<\/p>\t\t\t\t\t\t\t\t<\/div>\n\t\t\t\t<\/div>\n\t\t\t\t<div class=\"elementor-element elementor-element-515f007 elementor-align-center elementor-widget elementor-widget-button\" data-id=\"515f007\" data-element_type=\"widget\" data-e-type=\"widget\" data-widget_type=\"button.default\">\n\t\t\t\t<div class=\"elementor-widget-container\">\n\t\t\t\t\t\t\t\t\t<div class=\"elementor-button-wrapper\">\n\t\t\t\t\t<a class=\"elementor-button elementor-button-link elementor-size-sm\" href=\"https:\/\/nathanaelzurbruegg.com\/de\/donate\/\" target=\"_blank\">\n\t\t\t\t\t\t<span class=\"elementor-button-content-wrapper\">\n\t\t\t\t\t\t\t\t\t<span class=\"elementor-button-text\">Wirke mit<\/span>\n\t\t\t\t\t<\/span>\n\t\t\t\t\t<\/a>\n\t\t\t\t<\/div>\n\t\t\t\t\t\t\t\t<\/div>\n\t\t\t\t<\/div>\n\t\t\t\t\t<\/div>\n\t\t<\/div>\n\t\t\t\t\t<\/div>\n\t\t<\/section>\n\t\t\t\t\t<\/div>\n\t\t<\/div>\n\t\t\t\t\t<\/div>\n\t\t<\/section>\n\t\t\t\t<\/div>","protected":false},"excerpt":{"rendered":"<p>The Project The Live Life to the Fullest Initiative\u00a0 Live Life to the Fullest is an initiative aimed at serving and helping people living in poverty get access to the best possible mentoring and healthcare. All human life is important and deserves a chance to really live. But that isn\u2019t always possible when there\u2019s no [&hellip;]<\/p>\n","protected":false},"author":1,"featured_media":0,"parent":0,"menu_order":0,"comment_status":"closed","ping_status":"closed","template":"","meta":{"site-sidebar-layout":"no-sidebar","site-content-layout":"page-builder","ast-site-content-layout":"default","site-content-style":"default","site-sidebar-style":"default","ast-global-header-display":"","ast-banner-title-visibility":"","ast-main-header-display":"","ast-hfb-above-header-display":"","ast-hfb-below-header-display":"","ast-hfb-mobile-header-display":"","site-post-title":"disabled","ast-breadcrumbs-content":"","ast-featured-img":"disabled","footer-sml-layout":"","ast-disable-related-posts":"","theme-transparent-header-meta":"default","adv-header-id-meta":"","stick-header-meta":"default","header-above-stick-meta":"","header-main-stick-meta":"","header-below-stick-meta":"","astra-migrate-meta-layouts":"default","ast-page-background-enabled":"default","ast-page-background-meta":{"desktop":{"background-color":"","background-image":"","background-repeat":"repeat","background-position":"center center","background-size":"auto","background-attachment":"scroll","background-type":"","background-media":"","overlay-type":"","overlay-color":"","overlay-opacity":"","overlay-gradient":""},"tablet":{"background-color":"","background-image":"","background-repeat":"repeat","background-position":"center center","background-size":"auto","background-attachment":"scroll","background-type":"","background-media":"","overlay-type":"","overlay-color":"","overlay-opacity":"","overlay-gradient":""},"mobile":{"background-color":"","background-image":"","background-repeat":"repeat","background-position":"center center","background-size":"auto","background-attachment":"scroll","background-type":"","background-media":"","overlay-type":"","overlay-color":"","overlay-opacity":"","overlay-gradient":""}},"ast-content-background-meta":{"desktop":{"background-color":"var(--ast-global-color-5)","background-image":"","background-repeat":"repeat","background-position":"center center","background-size":"auto","background-attachment":"scroll","background-type":"","background-media":"","overlay-type":"","overlay-color":"","overlay-opacity":"","overlay-gradient":""},"tablet":{"background-color":"var(--ast-global-color-5)","background-image":"","background-repeat":"repeat","background-position":"center center","background-size":"auto","background-attachment":"scroll","background-type":"","background-media":"","overlay-type":"","overlay-color":"","overlay-opacity":"","overlay-gradient":""},"mobile":{"background-color":"var(--ast-global-color-5)","background-image":"","background-repeat":"repeat","background-position":"center center","background-size":"auto","background-attachment":"scroll","background-type":"","background-media":"","overlay-type":"","overlay-color":"","overlay-opacity":"","overlay-gradient":""}},"footnotes":""},"class_list":["post-3674","page","type-page","status-publish","hentry"],"_links":{"self":[{"href":"https:\/\/nathanaelzurbruegg.com\/de\/wp-json\/wp\/v2\/pages\/3674","targetHints":{"allow":["GET"]}}],"collection":[{"href":"https:\/\/nathanaelzurbruegg.com\/de\/wp-json\/wp\/v2\/pages"}],"about":[{"href":"https:\/\/nathanaelzurbruegg.com\/de\/wp-json\/wp\/v2\/types\/page"}],"author":[{"embeddable":true,"href":"https:\/\/nathanaelzurbruegg.com\/de\/wp-json\/wp\/v2\/users\/1"}],"replies":[{"embeddable":true,"href":"https:\/\/nathanaelzurbruegg.com\/de\/wp-json\/wp\/v2\/comments?post=3674"}],"version-history":[{"count":24,"href":"https:\/\/nathanaelzurbruegg.com\/de\/wp-json\/wp\/v2\/pages\/3674\/revisions"}],"predecessor-version":[{"id":4857,"href":"https:\/\/nathanaelzurbruegg.com\/de\/wp-json\/wp\/v2\/pages\/3674\/revisions\/4857"}],"wp:attachment":[{"href":"https:\/\/nathanaelzurbruegg.com\/de\/wp-json\/wp\/v2\/media?parent=3674"}],"curies":[{"name":"wp","href":"https:\/\/api.w.org\/{rel}","templated":true}]}}