{"id":3762,"date":"2021-03-30T21:30:49","date_gmt":"2021-03-30T21:30:49","guid":{"rendered":"https:\/\/nathanaelzurbruegg.com\/?page_id=3762"},"modified":"2021-05-11T15:35:44","modified_gmt":"2021-05-11T15:35:44","slug":"about-nathanael","status":"publish","type":"page","link":"https:\/\/nathanaelzurbruegg.com\/de\/about-nathanael\/","title":{"rendered":"\u00dcber Nathanael"},"content":{"rendered":"<div data-elementor-type=\"wp-page\" data-elementor-id=\"3762\" class=\"elementor elementor-3762\">\n\t\t\t\t\t\t<section class=\"elementor-section elementor-top-section elementor-element elementor-element-6da67ac elementor-section-boxed elementor-section-height-default elementor-section-height-default\" data-id=\"6da67ac\" data-element_type=\"section\" data-e-type=\"section\">\n\t\t\t\t\t\t<div class=\"elementor-container elementor-column-gap-wider\">\n\t\t\t\t\t<div class=\"elementor-column elementor-col-50 elementor-top-column elementor-element elementor-element-c24243a\" data-id=\"c24243a\" data-element_type=\"column\" data-e-type=\"column\" data-settings=\"{&quot;background_background&quot;:&quot;classic&quot;}\">\n\t\t\t<div class=\"elementor-widget-wrap elementor-element-populated\">\n\t\t\t\t\t\t<div class=\"elementor-element elementor-element-3490eb3 elementor-widget elementor-widget-image\" data-id=\"3490eb3\" data-element_type=\"widget\" data-e-type=\"widget\" data-widget_type=\"image.default\">\n\t\t\t\t<div class=\"elementor-widget-container\">\n\t\t\t\t\t\t\t\t\t\t\t\t\t\t\t<img fetchpriority=\"high\" decoding=\"async\" width=\"577\" height=\"1024\" src=\"https:\/\/nathanaelzurbruegg.com\/wp-content\/uploads\/2021\/03\/Nathanael-162-of-211-scaled-2-577x1024.jpg\" class=\"attachment-large size-large wp-image-3703\" alt=\"\" srcset=\"https:\/\/nathanaelzurbruegg.com\/wp-content\/uploads\/2021\/03\/Nathanael-162-of-211-scaled-2-577x1024.jpg 577w, https:\/\/nathanaelzurbruegg.com\/wp-content\/uploads\/2021\/03\/Nathanael-162-of-211-scaled-2-169x300.jpg 169w, https:\/\/nathanaelzurbruegg.com\/wp-content\/uploads\/2021\/03\/Nathanael-162-of-211-scaled-2-768x1362.jpg 768w, https:\/\/nathanaelzurbruegg.com\/wp-content\/uploads\/2021\/03\/Nathanael-162-of-211-scaled-2-866x1536.jpg 866w, https:\/\/nathanaelzurbruegg.com\/wp-content\/uploads\/2021\/03\/Nathanael-162-of-211-scaled-2-1154x2048.jpg 1154w, https:\/\/nathanaelzurbruegg.com\/wp-content\/uploads\/2021\/03\/Nathanael-162-of-211-scaled-2-600x1064.jpg 600w, https:\/\/nathanaelzurbruegg.com\/wp-content\/uploads\/2021\/03\/Nathanael-162-of-211-scaled-2.jpg 1443w\" sizes=\"(max-width: 577px) 100vw, 577px\" \/>\t\t\t\t\t\t\t\t\t\t\t\t\t\t\t<\/div>\n\t\t\t\t<\/div>\n\t\t\t\t\t<\/div>\n\t\t<\/div>\n\t\t\t\t<div class=\"elementor-column elementor-col-50 elementor-top-column elementor-element elementor-element-49334f7\" data-id=\"49334f7\" data-element_type=\"column\" data-e-type=\"column\" data-settings=\"{&quot;background_background&quot;:&quot;classic&quot;}\">\n\t\t\t<div class=\"elementor-widget-wrap elementor-element-populated\">\n\t\t\t\t\t\t<div class=\"elementor-element elementor-element-ddb89aa elementor-widget elementor-widget-heading\" data-id=\"ddb89aa\" data-element_type=\"widget\" data-e-type=\"widget\" data-widget_type=\"heading.default\">\n\t\t\t\t<div class=\"elementor-widget-container\">\n\t\t\t\t\t<h3 class=\"elementor-heading-title elementor-size-default\">\u00dcber Nathanael<\/h3>\t\t\t\t<\/div>\n\t\t\t\t<\/div>\n\t\t\t\t<div class=\"elementor-element elementor-element-115a08d elementor-widget elementor-widget-text-editor\" data-id=\"115a08d\" data-element_type=\"widget\" data-e-type=\"widget\" data-widget_type=\"text-editor.default\">\n\t\t\t\t<div class=\"elementor-widget-container\">\n\t\t\t\t\t\t\t\t\t<div><p class=\"HeadingCxSpFirst\" style=\"text-align: left;\" align=\"center\">Es is wieder Mich!...<\/p><p class=\"HeadingCxSpFirst\" style=\"text-align: left;\" align=\"center\"><span style=\"font-style: inherit;\">Ein wichtiger Aspekt bei der Suche nach Trost und Orientierung durch einen inspirierenden Redner und Mentor f\u00fcr eine siegreiche Denkweise ist es <\/span>,<span style=\"font-style: inherit;\"> die Person selbst kennen zu lernen. Also, hier ist ein kleiner Einblick in meine Person...<\/span><\/p><p class=\"HeadingCxSpFirst\" style=\"text-align: left;\" align=\"center\"><span style=\"font-size: 16px;\">In erster Linie leide ich am h\u00e4molytisch-ur\u00e4mischen Syndrom (aHUS) - einer unheilbaren, chronischen Krankheit, die schon fr\u00fch in meinem Leben zu einer vollst\u00e4ndigen Nierensch\u00e4digung f\u00fchrte. Dies f\u00fchrte unweigerlich auch zu vielen psychologischen, geistigen und emotionalen Schwierigkeiten. Aber trotz allem habe ich es bis hierher geschafft, und ich weigere mich, mich von irgendetwas davon abhalten zu lassen, mein Leben in vollen Z\u00fcgen zu genie\u00dfen.<\/span><\/p><\/div><div><p class=\"HeadingCxSpMiddle translation-block\" style=\"text-align: left;\" align=\"center\">W\u00e4hrend all meiner K\u00e4mpfe habe ich vor allem zwei Dinge gelernt: trotz der Probleme zu leben und nicht wegen ihnen, und sich st\u00e4ndig um pers\u00f6nliche Weiterentwicklung zu bem\u00fchen. Alles, was das Leben dir entgegenwirft, ist nur eine Gelegenheit, dich in irgendeiner Weise zu verbessern und dich st\u00e4rker zu machen.<\/p><\/div><div><p class=\"HeadingCxSpMiddle\" align=\"center\">\u00a0<\/p><\/div><div><p class=\"HeadingCxSpLast\" align=\"center\"><b>Also, komm mit Mir mit auf diese Reise, auf der wir unsere Herausforderungen nutzen, um st\u00e4rker zu werden - pers\u00f6nlich und beruflich. <\/b><\/p><\/div>\t\t\t\t\t\t\t\t<\/div>\n\t\t\t\t<\/div>\n\t\t\t\t<div class=\"elementor-element elementor-element-2a35bfa elementor-align-center elementor-widget elementor-widget-button\" data-id=\"2a35bfa\" data-element_type=\"widget\" data-e-type=\"widget\" data-widget_type=\"button.default\">\n\t\t\t\t<div class=\"elementor-widget-container\">\n\t\t\t\t\t\t\t\t\t<div class=\"elementor-button-wrapper\">\n\t\t\t\t\t<a class=\"elementor-button elementor-button-link elementor-size-sm\" href=\"https:\/\/nathanaelzurbruegg.com\/de\/about-nathanael\/my-lifestory\/\">\n\t\t\t\t\t\t<span class=\"elementor-button-content-wrapper\">\n\t\t\t\t\t\t\t\t\t<span class=\"elementor-button-text\">Lese meine ganze Lebensgeschichte<\/span>\n\t\t\t\t\t<\/span>\n\t\t\t\t\t<\/a>\n\t\t\t\t<\/div>\n\t\t\t\t\t\t\t\t<\/div>\n\t\t\t\t<\/div>\n\t\t\t\t<div class=\"elementor-element elementor-element-352998d elementor-widget elementor-widget-text-editor\" data-id=\"352998d\" data-element_type=\"widget\" data-e-type=\"widget\" data-widget_type=\"text-editor.default\">\n\t\t\t\t<div class=\"elementor-widget-container\">\n\t\t\t\t\t\t\t\t\t<p><em>Klicke hier f\u00fcr mehr Informationen \u00fcber das<a href=\"https:\/\/cutt.ly\/UcANANc\" target=\"_blank\" rel=\"noopener\">\u00a0h\u00e4molytisch-ur\u00e4mische Syndrom (HUS)<\/a><\/em><\/p><p>Klicke hier f\u00fcr mehr Informationen zur\u00a0<em><a href=\"https:\/\/de.wikipedia.org\/wiki\/Niere\" target=\"_blank\" rel=\"noopener\">Nierenfunktion<\/a><\/em><\/p>\t\t\t\t\t\t\t\t<\/div>\n\t\t\t\t<\/div>\n\t\t\t\t\t<\/div>\n\t\t<\/div>\n\t\t\t\t\t<\/div>\n\t\t<\/section>\n\t\t\t\t<section class=\"elementor-section elementor-top-section elementor-element elementor-element-08c60fc elementor-section-boxed elementor-section-height-default elementor-section-height-default\" data-id=\"08c60fc\" data-element_type=\"section\" data-e-type=\"section\">\n\t\t\t\t\t\t<div class=\"elementor-container elementor-column-gap-default\">\n\t\t\t\t\t<div class=\"elementor-column elementor-col-100 elementor-top-column elementor-element elementor-element-8528034\" data-id=\"8528034\" data-element_type=\"column\" data-e-type=\"column\">\n\t\t\t<div class=\"elementor-widget-wrap elementor-element-populated\">\n\t\t\t\t\t\t<div class=\"elementor-element elementor-element-2437758 elementor-widget elementor-widget-text-editor\" data-id=\"2437758\" data-element_type=\"widget\" data-e-type=\"widget\" data-widget_type=\"text-editor.default\">\n\t\t\t\t<div class=\"elementor-widget-container\">\n\t\t\t\t\t\t\t\t\t<div><p class=\"HeadingCxSpFirst\" align=\"center\"><strong>Du wunderst\u00a0<i>Dich <\/i>wie du Millionen von Menschen helfen kannst?<\/strong><\/p><\/div><div><p class=\"HeadingCxSpLast\" align=\"center\"><b>Besuche den <i>\u201cLive Life to the Fullest\u201c<\/i> shop um mehr zu erfahren wie Du einen Unterschied machen kannst! <\/b><\/p><\/div>\t\t\t\t\t\t\t\t<\/div>\n\t\t\t\t<\/div>\n\t\t\t\t<div class=\"elementor-element elementor-element-441954e elementor-align-center elementor-button-info elementor-widget elementor-widget-button\" data-id=\"441954e\" data-element_type=\"widget\" data-e-type=\"widget\" data-widget_type=\"button.default\">\n\t\t\t\t<div class=\"elementor-widget-container\">\n\t\t\t\t\t\t\t\t\t<div class=\"elementor-button-wrapper\">\n\t\t\t\t\t<a class=\"elementor-button elementor-button-link elementor-size-sm\" href=\"https:\/\/nathanaelzurbruegg.com\/de\/shop\/\" target=\"_blank\">\n\t\t\t\t\t\t<span class=\"elementor-button-content-wrapper\">\n\t\t\t\t\t\t\t\t\t<span class=\"elementor-button-text\">SHOP<\/span>\n\t\t\t\t\t<\/span>\n\t\t\t\t\t<\/a>\n\t\t\t\t<\/div>\n\t\t\t\t\t\t\t\t<\/div>\n\t\t\t\t<\/div>\n\t\t\t\t\t<\/div>\n\t\t<\/div>\n\t\t\t\t\t<\/div>\n\t\t<\/section>\n\t\t\t\t<\/div>","protected":false},"excerpt":{"rendered":"<p>About Nathanael It\u2019s Me Again!&#8230; An important aspect of finding solace and direction from an inspirational speaker and victorious mindset mentor is to get to know the person itself. So, here\u2019s a little insight into who I am as a person\u2026 First and foremost, I suffer from Haemolytic Uraemic Syndrome (aHUS) \u2013 an incurable, chronic [&hellip;]<\/p>\n","protected":false},"author":1,"featured_media":0,"parent":0,"menu_order":0,"comment_status":"closed","ping_status":"closed","template":"","meta":{"site-sidebar-layout":"no-sidebar","site-content-layout":"page-builder","ast-site-content-layout":"default","site-content-style":"default","site-sidebar-style":"default","ast-global-header-display":"","ast-banner-title-visibility":"","ast-main-header-display":"","ast-hfb-above-header-display":"","ast-hfb-below-header-display":"","ast-hfb-mobile-header-display":"","site-post-title":"disabled","ast-breadcrumbs-content":"","ast-featured-img":"disabled","footer-sml-layout":"","ast-disable-related-posts":"","theme-transparent-header-meta":"default","adv-header-id-meta":"","stick-header-meta":"default","header-above-stick-meta":"","header-main-stick-meta":"","header-below-stick-meta":"","astra-migrate-meta-layouts":"default","ast-page-background-enabled":"default","ast-page-background-meta":{"desktop":{"background-color":"","background-image":"","background-repeat":"repeat","background-position":"center center","background-size":"auto","background-attachment":"scroll","background-type":"","background-media":"","overlay-type":"","overlay-color":"","overlay-opacity":"","overlay-gradient":""},"tablet":{"background-color":"","background-image":"","background-repeat":"repeat","background-position":"center center","background-size":"auto","background-attachment":"scroll","background-type":"","background-media":"","overlay-type":"","overlay-color":"","overlay-opacity":"","overlay-gradient":""},"mobile":{"background-color":"","background-image":"","background-repeat":"repeat","background-position":"center center","background-size":"auto","background-attachment":"scroll","background-type":"","background-media":"","overlay-type":"","overlay-color":"","overlay-opacity":"","overlay-gradient":""}},"ast-content-background-meta":{"desktop":{"background-color":"var(--ast-global-color-5)","background-image":"","background-repeat":"repeat","background-position":"center center","background-size":"auto","background-attachment":"scroll","background-type":"","background-media":"","overlay-type":"","overlay-color":"","overlay-opacity":"","overlay-gradient":""},"tablet":{"background-color":"var(--ast-global-color-5)","background-image":"","background-repeat":"repeat","background-position":"center center","background-size":"auto","background-attachment":"scroll","background-type":"","background-media":"","overlay-type":"","overlay-color":"","overlay-opacity":"","overlay-gradient":""},"mobile":{"background-color":"var(--ast-global-color-5)","background-image":"","background-repeat":"repeat","background-position":"center center","background-size":"auto","background-attachment":"scroll","background-type":"","background-media":"","overlay-type":"","overlay-color":"","overlay-opacity":"","overlay-gradient":""}},"footnotes":""},"class_list":["post-3762","page","type-page","status-publish","hentry"],"_links":{"self":[{"href":"https:\/\/nathanaelzurbruegg.com\/de\/wp-json\/wp\/v2\/pages\/3762","targetHints":{"allow":["GET"]}}],"collection":[{"href":"https:\/\/nathanaelzurbruegg.com\/de\/wp-json\/wp\/v2\/pages"}],"about":[{"href":"https:\/\/nathanaelzurbruegg.com\/de\/wp-json\/wp\/v2\/types\/page"}],"author":[{"embeddable":true,"href":"https:\/\/nathanaelzurbruegg.com\/de\/wp-json\/wp\/v2\/users\/1"}],"replies":[{"embeddable":true,"href":"https:\/\/nathanaelzurbruegg.com\/de\/wp-json\/wp\/v2\/comments?post=3762"}],"version-history":[{"count":49,"href":"https:\/\/nathanaelzurbruegg.com\/de\/wp-json\/wp\/v2\/pages\/3762\/revisions"}],"predecessor-version":[{"id":4777,"href":"https:\/\/nathanaelzurbruegg.com\/de\/wp-json\/wp\/v2\/pages\/3762\/revisions\/4777"}],"wp:attachment":[{"href":"https:\/\/nathanaelzurbruegg.com\/de\/wp-json\/wp\/v2\/media?parent=3762"}],"curies":[{"name":"wp","href":"https:\/\/api.w.org\/{rel}","templated":true}]}}