{"id":3773,"date":"2021-03-30T21:40:22","date_gmt":"2021-03-30T21:40:22","guid":{"rendered":"https:\/\/nathanaelzurbruegg.com\/?page_id=3773"},"modified":"2021-03-30T21:49:06","modified_gmt":"2021-03-30T21:49:06","slug":"my-lifestory","status":"publish","type":"page","link":"https:\/\/nathanaelzurbruegg.com\/de\/about-nathanael\/my-lifestory\/","title":{"rendered":"Meine Lebensgeschichte"},"content":{"rendered":"<div data-elementor-type=\"wp-page\" data-elementor-id=\"3773\" class=\"elementor elementor-3773\">\n\t\t\t\t\t\t<section class=\"elementor-section elementor-top-section elementor-element elementor-element-8134610 elementor-section-boxed elementor-section-height-default elementor-section-height-default\" data-id=\"8134610\" data-element_type=\"section\" data-e-type=\"section\">\n\t\t\t\t\t\t<div class=\"elementor-container elementor-column-gap-wider\">\n\t\t\t\t\t<div class=\"elementor-column elementor-col-50 elementor-top-column elementor-element elementor-element-a7fad6a\" data-id=\"a7fad6a\" data-element_type=\"column\" data-e-type=\"column\" data-settings=\"{&quot;background_background&quot;:&quot;classic&quot;}\">\n\t\t\t<div class=\"elementor-widget-wrap elementor-element-populated\">\n\t\t\t\t\t\t<div class=\"elementor-element elementor-element-d1cdf7e elementor-widget elementor-widget-image\" data-id=\"d1cdf7e\" data-element_type=\"widget\" data-e-type=\"widget\" data-widget_type=\"image.default\">\n\t\t\t\t<div class=\"elementor-widget-container\">\n\t\t\t\t\t\t\t\t\t\t\t\t\t\t\t<img fetchpriority=\"high\" decoding=\"async\" width=\"577\" height=\"1024\" src=\"https:\/\/nathanaelzurbruegg.com\/wp-content\/uploads\/2021\/03\/Nathanael-162-of-211-scaled-2-577x1024.jpg\" class=\"attachment-large size-large wp-image-3703\" alt=\"\" srcset=\"https:\/\/nathanaelzurbruegg.com\/wp-content\/uploads\/2021\/03\/Nathanael-162-of-211-scaled-2-577x1024.jpg 577w, https:\/\/nathanaelzurbruegg.com\/wp-content\/uploads\/2021\/03\/Nathanael-162-of-211-scaled-2-169x300.jpg 169w, https:\/\/nathanaelzurbruegg.com\/wp-content\/uploads\/2021\/03\/Nathanael-162-of-211-scaled-2-768x1362.jpg 768w, https:\/\/nathanaelzurbruegg.com\/wp-content\/uploads\/2021\/03\/Nathanael-162-of-211-scaled-2-866x1536.jpg 866w, https:\/\/nathanaelzurbruegg.com\/wp-content\/uploads\/2021\/03\/Nathanael-162-of-211-scaled-2-1154x2048.jpg 1154w, https:\/\/nathanaelzurbruegg.com\/wp-content\/uploads\/2021\/03\/Nathanael-162-of-211-scaled-2-600x1064.jpg 600w, https:\/\/nathanaelzurbruegg.com\/wp-content\/uploads\/2021\/03\/Nathanael-162-of-211-scaled-2.jpg 1443w\" sizes=\"(max-width: 577px) 100vw, 577px\" \/>\t\t\t\t\t\t\t\t\t\t\t\t\t\t\t<\/div>\n\t\t\t\t<\/div>\n\t\t\t\t\t<\/div>\n\t\t<\/div>\n\t\t\t\t<div class=\"elementor-column elementor-col-50 elementor-top-column elementor-element elementor-element-39c0329\" data-id=\"39c0329\" data-element_type=\"column\" data-e-type=\"column\" data-settings=\"{&quot;background_background&quot;:&quot;classic&quot;}\">\n\t\t\t<div class=\"elementor-widget-wrap elementor-element-populated\">\n\t\t\t\t\t\t<div class=\"elementor-element elementor-element-86f21fb elementor-widget elementor-widget-heading\" data-id=\"86f21fb\" data-element_type=\"widget\" data-e-type=\"widget\" data-widget_type=\"heading.default\">\n\t\t\t\t<div class=\"elementor-widget-container\">\n\t\t\t\t\t<h2 class=\"elementor-heading-title elementor-size-default\">Meine Lebensgeschichte<\/h2>\t\t\t\t<\/div>\n\t\t\t\t<\/div>\n\t\t\t\t<div class=\"elementor-element elementor-element-a82d528 elementor-widget elementor-widget-text-editor\" data-id=\"a82d528\" data-element_type=\"widget\" data-e-type=\"widget\" data-widget_type=\"text-editor.default\">\n\t\t\t\t<div class=\"elementor-widget-container\">\n\t\t\t\t\t\t\t\t\t<p>Mein Leben ist durchzogen von vielen Wundern. Ich m\u00f6chte diese Lebensgeschichte mit der Welt teilen, weil ich glaube, dass Gott mich dazu berufen hat andere Menschen zu ermutigen und dazu zu inspirieren gro\u00dfe Tr\u00e4ume zu haben, nach H\u00f6herem zu greifen und an eine bessere Zukunft zu glauben.<\/p><p>Vor einigen Jahren habe ich einen medizinischen Bericht erhalten, der mich mehr oder weniger als k\u00f6rperliches Wrack beschrieb. Wenn ich heute jedoch zur\u00fcckschaue, aber auch auf die Zukunft, wei\u00df ich mit Sicherheit, dass es nichts gibt was mich davon abh\u00e4lt meine Tr\u00e4ume zu verfolgen. Ich glaube dies nicht nur f\u00fcr mich selbst, sondern auch f\u00fcr jeden anderen Menschen. Ich glaube, dass jeder von uns ein gro\u00dfes Potential besitzt!<\/p><p>Jeder Teil meiner Lebensgeschichte erz\u00e4hlt einen Zeitraum von 5 Jahren. Dadurch werdet ihr mich und meine Lebensgeschichte wirklich gut kennenlernen.<\/p><p>Ich hoffe ihr habt Spa\u00df beim Lesen!<\/p>\t\t\t\t\t\t\t\t<\/div>\n\t\t\t\t<\/div>\n\t\t\t\t<div class=\"elementor-element elementor-element-72c3386 elementor-widget elementor-widget-button\" data-id=\"72c3386\" data-element_type=\"widget\" data-e-type=\"widget\" data-widget_type=\"button.default\">\n\t\t\t\t<div class=\"elementor-widget-container\">\n\t\t\t\t\t\t\t\t\t<div class=\"elementor-button-wrapper\">\n\t\t\t\t\t<a class=\"elementor-button elementor-button-link elementor-size-sm\" href=\"https:\/\/nathanaelzurbruegg.com\/de\/about-nathanael\/my-lifestory\/age-0-5\/\">\n\t\t\t\t\t\t<span class=\"elementor-button-content-wrapper\">\n\t\t\t\t\t\t\t\t\t<span class=\"elementor-button-text\">Klicke hier um \u201eTeil 1\u201c zu lesen<\/span>\n\t\t\t\t\t<\/span>\n\t\t\t\t\t<\/a>\n\t\t\t\t<\/div>\n\t\t\t\t\t\t\t\t<\/div>\n\t\t\t\t<\/div>\n\t\t\t\t\t<\/div>\n\t\t<\/div>\n\t\t\t\t\t<\/div>\n\t\t<\/section>\n\t\t\t\t<\/div>","protected":false},"excerpt":{"rendered":"<p>My Lifestory My life story is built on lots of miracles! I want to share this life story with the world because I believe that God has called me to use this story to encourage and inspire others to reach high, dream big and believe for better things ahead! Many years ago I was given [&hellip;]<\/p>\n","protected":false},"author":1,"featured_media":0,"parent":3762,"menu_order":0,"comment_status":"closed","ping_status":"closed","template":"","meta":{"site-sidebar-layout":"no-sidebar","site-content-layout":"page-builder","ast-site-content-layout":"default","site-content-style":"default","site-sidebar-style":"default","ast-global-header-display":"","ast-banner-title-visibility":"","ast-main-header-display":"","ast-hfb-above-header-display":"","ast-hfb-below-header-display":"","ast-hfb-mobile-header-display":"","site-post-title":"disabled","ast-breadcrumbs-content":"","ast-featured-img":"disabled","footer-sml-layout":"","ast-disable-related-posts":"","theme-transparent-header-meta":"default","adv-header-id-meta":"","stick-header-meta":"default","header-above-stick-meta":"","header-main-stick-meta":"","header-below-stick-meta":"","astra-migrate-meta-layouts":"default","ast-page-background-enabled":"default","ast-page-background-meta":{"desktop":{"background-color":"","background-image":"","background-repeat":"repeat","background-position":"center center","background-size":"auto","background-attachment":"scroll","background-type":"","background-media":"","overlay-type":"","overlay-color":"","overlay-opacity":"","overlay-gradient":""},"tablet":{"background-color":"","background-image":"","background-repeat":"repeat","background-position":"center center","background-size":"auto","background-attachment":"scroll","background-type":"","background-media":"","overlay-type":"","overlay-color":"","overlay-opacity":"","overlay-gradient":""},"mobile":{"background-color":"","background-image":"","background-repeat":"repeat","background-position":"center center","background-size":"auto","background-attachment":"scroll","background-type":"","background-media":"","overlay-type":"","overlay-color":"","overlay-opacity":"","overlay-gradient":""}},"ast-content-background-meta":{"desktop":{"background-color":"var(--ast-global-color-5)","background-image":"","background-repeat":"repeat","background-position":"center center","background-size":"auto","background-attachment":"scroll","background-type":"","background-media":"","overlay-type":"","overlay-color":"","overlay-opacity":"","overlay-gradient":""},"tablet":{"background-color":"var(--ast-global-color-5)","background-image":"","background-repeat":"repeat","background-position":"center center","background-size":"auto","background-attachment":"scroll","background-type":"","background-media":"","overlay-type":"","overlay-color":"","overlay-opacity":"","overlay-gradient":""},"mobile":{"background-color":"var(--ast-global-color-5)","background-image":"","background-repeat":"repeat","background-position":"center center","background-size":"auto","background-attachment":"scroll","background-type":"","background-media":"","overlay-type":"","overlay-color":"","overlay-opacity":"","overlay-gradient":""}},"footnotes":""},"class_list":["post-3773","page","type-page","status-publish","hentry"],"_links":{"self":[{"href":"https:\/\/nathanaelzurbruegg.com\/de\/wp-json\/wp\/v2\/pages\/3773","targetHints":{"allow":["GET"]}}],"collection":[{"href":"https:\/\/nathanaelzurbruegg.com\/de\/wp-json\/wp\/v2\/pages"}],"about":[{"href":"https:\/\/nathanaelzurbruegg.com\/de\/wp-json\/wp\/v2\/types\/page"}],"author":[{"embeddable":true,"href":"https:\/\/nathanaelzurbruegg.com\/de\/wp-json\/wp\/v2\/users\/1"}],"replies":[{"embeddable":true,"href":"https:\/\/nathanaelzurbruegg.com\/de\/wp-json\/wp\/v2\/comments?post=3773"}],"version-history":[{"count":10,"href":"https:\/\/nathanaelzurbruegg.com\/de\/wp-json\/wp\/v2\/pages\/3773\/revisions"}],"predecessor-version":[{"id":3792,"href":"https:\/\/nathanaelzurbruegg.com\/de\/wp-json\/wp\/v2\/pages\/3773\/revisions\/3792"}],"up":[{"embeddable":true,"href":"https:\/\/nathanaelzurbruegg.com\/de\/wp-json\/wp\/v2\/pages\/3762"}],"wp:attachment":[{"href":"https:\/\/nathanaelzurbruegg.com\/de\/wp-json\/wp\/v2\/media?parent=3773"}],"curies":[{"name":"wp","href":"https:\/\/api.w.org\/{rel}","templated":true}]}}