{"id":3932,"date":"2021-04-02T21:51:42","date_gmt":"2021-04-02T21:51:42","guid":{"rendered":"https:\/\/nathanaelzurbruegg.com\/?page_id=3932"},"modified":"2021-04-08T09:28:33","modified_gmt":"2021-04-08T09:28:33","slug":"age-5-10","status":"publish","type":"page","link":"https:\/\/nathanaelzurbruegg.com\/de\/about-nathanael\/my-lifestory\/age-5-10\/","title":{"rendered":"Alter 5-10"},"content":{"rendered":"<div data-elementor-type=\"wp-page\" data-elementor-id=\"3932\" class=\"elementor elementor-3932\">\n\t\t\t\t\t\t<section class=\"elementor-section elementor-top-section elementor-element elementor-element-d20f603 elementor-section-boxed elementor-section-height-default elementor-section-height-default\" data-id=\"d20f603\" data-element_type=\"section\" data-e-type=\"section\">\n\t\t\t\t\t\t<div class=\"elementor-container elementor-column-gap-no\">\n\t\t\t\t\t<div class=\"elementor-column elementor-col-100 elementor-top-column elementor-element elementor-element-3a5ad18\" data-id=\"3a5ad18\" data-element_type=\"column\" data-e-type=\"column\">\n\t\t\t<div class=\"elementor-widget-wrap elementor-element-populated\">\n\t\t\t\t\t\t<section class=\"elementor-section elementor-inner-section elementor-element elementor-element-dce57e6 elementor-section-boxed elementor-section-height-default elementor-section-height-default\" data-id=\"dce57e6\" data-element_type=\"section\" data-e-type=\"section\" data-settings=\"{&quot;background_background&quot;:&quot;classic&quot;}\">\n\t\t\t\t\t\t<div class=\"elementor-container elementor-column-gap-default\">\n\t\t\t\t\t<div class=\"elementor-column elementor-col-100 elementor-inner-column elementor-element elementor-element-8f45b4d\" data-id=\"8f45b4d\" data-element_type=\"column\" data-e-type=\"column\">\n\t\t\t<div class=\"elementor-widget-wrap elementor-element-populated\">\n\t\t\t\t\t\t<div class=\"elementor-element elementor-element-4de7143 elementor-widget elementor-widget-heading\" data-id=\"4de7143\" data-element_type=\"widget\" data-e-type=\"widget\" data-widget_type=\"heading.default\">\n\t\t\t\t<div class=\"elementor-widget-container\">\n\t\t\t\t\t<h2 class=\"elementor-heading-title elementor-size-default\">Alter 5-10<\/h2>\t\t\t\t<\/div>\n\t\t\t\t<\/div>\n\t\t\t\t<div class=\"elementor-element elementor-element-6ef7575 elementor-widget elementor-widget-image\" data-id=\"6ef7575\" data-element_type=\"widget\" data-e-type=\"widget\" data-widget_type=\"image.default\">\n\t\t\t\t<div class=\"elementor-widget-container\">\n\t\t\t\t\t\t\t\t\t\t\t\t<figure class=\"wp-caption\">\n\t\t\t\t\t\t\t\t\t\t<img fetchpriority=\"high\" decoding=\"async\" width=\"1024\" height=\"704\" src=\"https:\/\/nathanaelzurbruegg.com\/wp-content\/uploads\/2021\/04\/Scan-7-1-1024x704.jpg\" class=\"elementor-animation-float attachment-large size-large wp-image-3940\" alt=\"5-10\" srcset=\"https:\/\/nathanaelzurbruegg.com\/wp-content\/uploads\/2021\/04\/Scan-7-1-1024x704.jpg 1024w, https:\/\/nathanaelzurbruegg.com\/wp-content\/uploads\/2021\/04\/Scan-7-1-300x206.jpg 300w, https:\/\/nathanaelzurbruegg.com\/wp-content\/uploads\/2021\/04\/Scan-7-1-768x528.jpg 768w, https:\/\/nathanaelzurbruegg.com\/wp-content\/uploads\/2021\/04\/Scan-7-1-600x413.jpg 600w, https:\/\/nathanaelzurbruegg.com\/wp-content\/uploads\/2021\/04\/Scan-7-1.jpg 1499w\" sizes=\"(max-width: 1024px) 100vw, 1024px\" \/>\t\t\t\t\t\t\t\t\t\t\t<figcaption class=\"widget-image-caption wp-caption-text\">In der Zeit meiner 2. Nierentransplantation<\/figcaption>\n\t\t\t\t\t\t\t\t\t\t<\/figure>\n\t\t\t\t\t\t\t\t\t<\/div>\n\t\t\t\t<\/div>\n\t\t\t\t\t<\/div>\n\t\t<\/div>\n\t\t\t\t\t<\/div>\n\t\t<\/section>\n\t\t\t\t<section class=\"elementor-section elementor-inner-section elementor-element elementor-element-1b76a47 elementor-section-boxed elementor-section-height-default elementor-section-height-default\" data-id=\"1b76a47\" data-element_type=\"section\" data-e-type=\"section\" data-settings=\"{&quot;background_background&quot;:&quot;classic&quot;}\">\n\t\t\t\t\t\t<div class=\"elementor-container elementor-column-gap-wide\">\n\t\t\t\t\t<div class=\"elementor-column elementor-col-100 elementor-inner-column elementor-element elementor-element-370b468\" data-id=\"370b468\" data-element_type=\"column\" data-e-type=\"column\">\n\t\t\t<div class=\"elementor-widget-wrap elementor-element-populated\">\n\t\t\t\t\t\t<div class=\"elementor-element elementor-element-0d4f144 elementor-widget elementor-widget-text-editor\" data-id=\"0d4f144\" data-element_type=\"widget\" data-e-type=\"widget\" data-widget_type=\"text-editor.default\">\n\t\t\t\t<div class=\"elementor-widget-container\">\n\t\t\t\t\t\t\t\t\t<p><strong>Teil 2:<\/strong><\/p>\n<p><em><strong> 5-10 Jahre. <\/strong><\/em><\/p>\n<p>(1993-1998)<\/p>\n<hr>\n<p>Nach den letzten Infektionen ging es mir allm\u00e4hlich besser und ich konnte mehr Zeit zu Hause verbringen. Dann wurde es spannend.<\/p>\n<figure id=\"attachment_3943\" aria-describedby=\"caption-attachment-3943\" style=\"width: 300px\" class=\"wp-caption alignright\"><img decoding=\"async\" class=\"size-medium wp-image-3943\" src=\"https:\/\/nathanaelzurbruegg.com\/wp-content\/uploads\/2021\/04\/Scan-16-1-300x211.jpg\" alt=\"I learnt early in my life not to take life seriously :)\" width=\"300\" height=\"211\" srcset=\"https:\/\/nathanaelzurbruegg.com\/wp-content\/uploads\/2021\/04\/Scan-16-1-300x211.jpg 300w, https:\/\/nathanaelzurbruegg.com\/wp-content\/uploads\/2021\/04\/Scan-16-1-1024x722.jpg 1024w, https:\/\/nathanaelzurbruegg.com\/wp-content\/uploads\/2021\/04\/Scan-16-1-768x541.jpg 768w, https:\/\/nathanaelzurbruegg.com\/wp-content\/uploads\/2021\/04\/Scan-16-1-600x423.jpg 600w, https:\/\/nathanaelzurbruegg.com\/wp-content\/uploads\/2021\/04\/Scan-16-1.jpg 1463w\" sizes=\"(max-width: 300px) 100vw, 300px\" \/><figcaption id=\"caption-attachment-3943\" class=\"wp-caption-text\">I learnt early in my life not to take life seriously \ud83d\ude42<\/figcaption><\/figure>\n<p>Im Juni 1994 wurden meine Eltern und ich \u00fcber eine m\u00f6gliche Nierentransplantation informiert. Man hat zwei kleine Nieren gefunden! Wir waren sehr gl\u00fccklich und aufgeregt \u00fcber diese M\u00f6glichkeit, aber gleichzeitig auch sehr nerv\u00f6s und skeptisch. Eine Nierentransplantation w\u00fcrde f\u00fcr mich bedeuten, dass ich mit der Dialyse aufh\u00f6ren und endlich wieder ein Leben ohne Behandlungen beginnen k\u00f6nnte. Aber eine Transplantation war etwas, wor\u00fcber wir nur sehr wenige Informationen hatten und auch nicht wussten, was genau uns erwarten w\u00fcrde.<\/p>\n<p>Ungl\u00fccklicherweise hatte ich nach der ersten Transplantation Probleme. Genauer gesagt war es so schlimm, dass die neuen Nieren nach nur 24 Stunden wieder entfernt werden mussten. Zu diesem Zeitpunkt war ich gerade mal 5 Jahre alt. Ich hatte gro\u00dfe Angst und wollte mich einfach nur wieder besser f\u00fchlen.<\/p>\n<figure id=\"attachment_3942\" aria-describedby=\"caption-attachment-3942\" style=\"width: 300px\" class=\"wp-caption alignleft\"><img decoding=\"async\" class=\"size-medium wp-image-3942\" src=\"https:\/\/nathanaelzurbruegg.com\/wp-content\/uploads\/2021\/04\/Scan-12-1-300x206.jpg\" alt=\"\" width=\"300\" height=\"206\" srcset=\"https:\/\/nathanaelzurbruegg.com\/wp-content\/uploads\/2021\/04\/Scan-12-1-300x206.jpg 300w, https:\/\/nathanaelzurbruegg.com\/wp-content\/uploads\/2021\/04\/Scan-12-1-1024x704.jpg 1024w, https:\/\/nathanaelzurbruegg.com\/wp-content\/uploads\/2021\/04\/Scan-12-1-768x528.jpg 768w, https:\/\/nathanaelzurbruegg.com\/wp-content\/uploads\/2021\/04\/Scan-12-1-600x413.jpg 600w, https:\/\/nathanaelzurbruegg.com\/wp-content\/uploads\/2021\/04\/Scan-12-1.jpg 1499w\" sizes=\"(max-width: 300px) 100vw, 300px\" \/><figcaption id=\"caption-attachment-3942\" class=\"wp-caption-text\">In meinem ersten Urlaub ohne Dialyse<\/figcaption><\/figure>\n<p>Da die Transplantation schief gelaufen war, musste ich nun weiterhin drei Mal pro Woche zur H\u00e4modialyse. Nur wenige Zeit sp\u00e4ter hatte ich wieder einmal einige Blutverklumpungen an meinem Katheter. Um dieses zu verhindern, musste ich nun zus\u00e4tzlich zur Dialyse eine Therapie zur Verhinderung der Blutgerinnung (Antikoagulation) beginnen. Diese Behandlung verhinderte, dass mein Blut gerann, was wiederum verhinderte, dass der Katheter verstopfte und dadurch die Dialyse am besten arbeiten konnte.<\/p>\n<p>W\u00e4hrend dieser Zeit und alldem was hier passierte,  begann ich in den Kindergarten zu gehen. Dies war etwas ganz Besonderes f\u00fcr mich und ich liebte es. Aber weil ich durch den Schlauch f\u00fcr die k\u00fcnstliche Ern\u00e4hrung, der durch meine Nase ging, anders aussah, schauten mich die anderen Kinder manches Mal seltsam an. Dies hielt mich allerdings nicht davon ab, in den Kindergarten zu gehen und ich genoss es dort zu sein.<\/p>\n<figure id=\"attachment_3944\" aria-describedby=\"caption-attachment-3944\" style=\"width: 185px\" class=\"wp-caption alignleft\"><img loading=\"lazy\" decoding=\"async\" class=\"wp-image-3944\" src=\"https:\/\/nathanaelzurbruegg.com\/wp-content\/uploads\/2021\/04\/Steuererkla\u0308rung-2015-.jpeg\" alt=\"One of the greatest highlights in my life: Urinating after many years by my own\" width=\"185\" height=\"266\"><figcaption id=\"caption-attachment-3944\" class=\"wp-caption-text\">Eins der gr\u00f6\u00dften Highlights in meinem Leben: Allein auf die Toilette gehen zu k\u00f6nnen<\/figcaption><\/figure>\n<p>Im M\u00e4rz 1995 ergab sich eine erneute Chance auf eine Nierentransplantation. Wir beschlossen diese durchf\u00fchren zu lassen und veranlassten alles N\u00f6tige. Die Operation dauerte ungef\u00e4hr 5 Stunden und dieses Mal arbeiteten die Nieren einwandfrei. Ich konnte das erste Mal seitdem ich 1 Jahr alt gewesen war wieder urinieren. Nach Monaten der Genesung im Krankenhaus war es mir dann endlich erlaubt nach Hause zu gehen.<span style=\"font-size: 16px;\">ew kidneys worked well. I was able to urinate again for the first time since I was one! After a month in hospital recovering from this big operation, I was allowed to go home.<\/span><\/p>\n<p>Eine funktionierende Niere zu besitzen war damals mein gr\u00f6\u00dfter Traum. Ich konnte endlich wieder normal essen. Ich probierte neue Dinge aus. Da ich nun mehr Freizeit hatte, verbrachte ich auch mehr Zeit in der \u00d6ffentlichkeit. F\u00fcr einige Zeit nach der Transplantation musste ich noch drei Mal pro Woche f\u00fcr Blut- und Urintests ins Krankenhaus. Aber je l\u00e4nger ich meine neue Niere besa\u00df, umso seltener wurden die Termine im Krankenhaus.<\/p>\n<p>Aber eine neue Niere in meinem K\u00f6rper zu haben, bedeutete auch neue Medikamente nehmen zu m\u00fcssen. Dies beeinflusste mich k\u00f6rperlich auf eine neue Art und Weise. So schwoll mein Kopf zum Beispiel an und ich bekam Ekzeme. Das hat mich aber nicht so sehr gest\u00f6rt, denn ich war einfach nur froh nicht mehr drei Mal pro  Woche ins Krankenhaus zu m\u00fcssen.<\/p>\n<p>Im Juli 1995 begann ich dann mit der Schule. Dies war ein riesiges Wunder, da ich einige Jahre zuvor wegen meines schlechten Gesundheitszustandes gesagt bekommen hatte, niemals zur Schule gehen zu k\u00f6nnen.<\/p>\n<p>Zu jener Zeit war alles perfekt. Au\u00dfer das ich hier und da mal einen Husten oder eine Erk\u00e4ltung hatte, ging es mir gut. Im August 1997 bekamen wir dann pl\u00f6tzlich schlechte Nachrichten von einem Routine-Blut- und Urintest. Ich hatte gro\u00dfe Angst meine Nieren ein weiteres Mal zu verlieren. Ungl\u00fccklicherweise verbesserten sich die Berichte nicht, obwohl die \u00c4rzte alles in ihrer Macht stehende taten, um die Nieren durch Blutplasmabehandlungen am Leben zu halten. Zu guter letzt half dies alles nicht und ich musste wieder mit der Dialyse beginnen. Um wieder mit der Dialyse beginnen zu k\u00f6nnen, musste ich f\u00fcr das Einsetzen des Katheters eine weitere Operation \u00fcber mich ergehen lassen.<\/p>\n<figure id=\"attachment_3938\" aria-describedby=\"caption-attachment-3938\" style=\"width: 218px\" class=\"wp-caption alignright\"><img loading=\"lazy\" decoding=\"async\" class=\"wp-image-3938\" src=\"https:\/\/nathanaelzurbruegg.com\/wp-content\/uploads\/2021\/04\/IMG_1287-e1468908437577-scaled-1-224x300.jpg\" alt=\"\" width=\"218\" height=\"292\" srcset=\"https:\/\/nathanaelzurbruegg.com\/wp-content\/uploads\/2021\/04\/IMG_1287-e1468908437577-scaled-1-224x300.jpg 224w, https:\/\/nathanaelzurbruegg.com\/wp-content\/uploads\/2021\/04\/IMG_1287-e1468908437577-scaled-1-765x1024.jpg 765w, https:\/\/nathanaelzurbruegg.com\/wp-content\/uploads\/2021\/04\/IMG_1287-e1468908437577-scaled-1-768x1028.jpg 768w, https:\/\/nathanaelzurbruegg.com\/wp-content\/uploads\/2021\/04\/IMG_1287-e1468908437577-scaled-1-1147x1536.jpg 1147w, https:\/\/nathanaelzurbruegg.com\/wp-content\/uploads\/2021\/04\/IMG_1287-e1468908437577-scaled-1-1530x2048.jpg 1530w, https:\/\/nathanaelzurbruegg.com\/wp-content\/uploads\/2021\/04\/IMG_1287-e1468908437577-scaled-1-600x803.jpg 600w, https:\/\/nathanaelzurbruegg.com\/wp-content\/uploads\/2021\/04\/IMG_1287-e1468908437577-scaled-1.jpg 1912w\" sizes=\"(max-width: 218px) 100vw, 218px\" \/><figcaption id=\"caption-attachment-3938\" class=\"wp-caption-text\">Mein erster Schultag<\/figcaption><\/figure>\n<p class=\"translation-block\">An dieser Stelle wollten die \u00c4rzte die Nieren wieder entfernen, da sie ohnehin nicht arbeiteten. Aber ich sah die Nieren als meinen Freund und wollte sie nicht verlieren. Nach ein paar weiteren Wochen verursachten die Nieren mehr Schaden als dass sie Gutes taten und ich begann Blut zu urinieren. Nach weiteren Gespr\u00e4chen mit meinen \u00c4rzten und meinen Eltern erkannte ich, dass es besser war die Nieren entfernen zu lassen.<\/p>\n<p>Dies war eine riesige Entt\u00e4uschung f\u00fcr mich und ich bekam schwere Depressionen! Ich erinnere mich daran, dass ich 2 Wochen zu Hause lag und weder sprach noch a\u00df oder vor die T\u00fcr ging. Ich war so deprimiert, dass ich sogar dar\u00fcber nachdachte mir das Leben zu nehmen. Ich war gerade erst 8 Jahre alt. Ich konnte einfach nicht verstehen, was da gerade mit mir passierte und es machte keinen Sinn f\u00fcr mich ein solches Leben zu leben. Auch war ich sauer auf Gott. Ich wuchs in einer christlichen Familie auf und ging fast jeden Sonntag in die Gemeinde. Dort von einem guten Gott zu h\u00f6ren,  machte an dieser Stelle in meinem Leben einfach keinen Sinn.<\/p>\n<p>Nach 2 Wochen, in denen ich ordentlich an Gewicht verloren hatte und emotional, physisch und auch geistlich niedergeschlagen war, baten meine Eltern die \u00c4ltesten in unseren Gemeinde mich zu besuchen. Sie beteten f\u00fcr mich, insbesondere f\u00fcr geistliche und emotionale St\u00e4rke. Nach dieser Erfahrung begann ich langsam st\u00e4rker zu werden und zu akzeptieren, wieder zur Dialyse gehen zu m\u00fcssen.<\/p>\n<figure id=\"attachment_3941\" aria-describedby=\"caption-attachment-3941\" style=\"width: 300px\" class=\"wp-caption aligncenter\"><img loading=\"lazy\" decoding=\"async\" class=\"size-medium wp-image-3941\" src=\"https:\/\/nathanaelzurbruegg.com\/wp-content\/uploads\/2021\/04\/Scan-8-1-300x206.jpg\" alt=\"\" width=\"300\" height=\"206\" srcset=\"https:\/\/nathanaelzurbruegg.com\/wp-content\/uploads\/2021\/04\/Scan-8-1-300x206.jpg 300w, https:\/\/nathanaelzurbruegg.com\/wp-content\/uploads\/2021\/04\/Scan-8-1-1024x702.jpg 1024w, https:\/\/nathanaelzurbruegg.com\/wp-content\/uploads\/2021\/04\/Scan-8-1-768x527.jpg 768w, https:\/\/nathanaelzurbruegg.com\/wp-content\/uploads\/2021\/04\/Scan-8-1-600x411.jpg 600w, https:\/\/nathanaelzurbruegg.com\/wp-content\/uploads\/2021\/04\/Scan-8-1.jpg 1495w\" sizes=\"(max-width: 300px) 100vw, 300px\" \/><figcaption id=\"caption-attachment-3941\" class=\"wp-caption-text\">Einfach locker nehmen ? <img decoding=\"async\" draggable=\"false\" role=\"img\" class=\"emoji\" alt=\"\ud83d\ude42\" src=\"https:\/\/s.w.org\/images\/core\/emoji\/13.0.1\/svg\/1f642.svg\"><\/figcaption><\/figure>\n<p>Nachdem meine Nieren entfernt wurden, musste ich noch ein paar Tage im Krankenhaus bleiben. Als meine Mutter mich aus dem Krankenhaus abholte, hatten wir auf dem Heimweg eine Autounfall. Das Auto \u00fcberschlug sich und blieb auf dem Dach liegen. Irgendwie schaffte es meine Mutter sich als erstes aus dem Auto zu befreien und mich anschlie\u00dfend schnell herauszuholen. Da ich gerade erste eine schwere Operation hinter mir hatte, wurde ich vorsichtshalber mit dem Hubschrauber wieder ins Krankenhaus eingeliefert. Unglaublicherweise hatten weder meine Mutter noch ich irgendwelche Verletzungen davon getragen. Zur Beobachtung musste ich noch eine Nacht im Krankenhaus bleiben. Meine Mutter hingegen durfte noch am selben Tag nach Hause. Als sie mich nun dieses Mal aus dem Krankenhaus entlie\u00dfen, schafften wir es heil nach Hause.<\/p>\n<p>Von nun an lief die Dialyse recht gut, abgesehen von ein paar kleinen gesundheitlichen Problemen. Trotz alledem wollten die \u00c4rzte mich im November 1998 wieder auf die Transplantationsliste setzen. Dies war eine schwierige Entscheidung f\u00fcr uns, da die beiden vorherigen Nieren nicht wirklich lange gearbeitet hatten. Au\u00dferdem ist HUS eine chronische Krankheit, die nur aktiv ist, wenn die Nieren arbeiten. Aus diesem Grund w\u00fcrde es f\u00fcr mich ein gro\u00dfes Risiko bedeuten,  Nieren zu besitzen. In guter Hoffnung entschied ich mich wieder daf\u00fcr, mich auf die Transplantationsliste setzen zu lassen\u2026<\/p>\n<figure id=\"attachment_3939\" aria-describedby=\"caption-attachment-3939\" style=\"width: 300px\" class=\"wp-caption aligncenter\"><img loading=\"lazy\" decoding=\"async\" class=\"size-medium wp-image-3939\" src=\"https:\/\/nathanaelzurbruegg.com\/wp-content\/uploads\/2021\/04\/Scan-2-1-300x206.jpg\" alt=\"\" width=\"300\" height=\"206\" srcset=\"https:\/\/nathanaelzurbruegg.com\/wp-content\/uploads\/2021\/04\/Scan-2-1-300x206.jpg 300w, https:\/\/nathanaelzurbruegg.com\/wp-content\/uploads\/2021\/04\/Scan-2-1-1024x704.jpg 1024w, https:\/\/nathanaelzurbruegg.com\/wp-content\/uploads\/2021\/04\/Scan-2-1-768x528.jpg 768w, https:\/\/nathanaelzurbruegg.com\/wp-content\/uploads\/2021\/04\/Scan-2-1-600x413.jpg 600w, https:\/\/nathanaelzurbruegg.com\/wp-content\/uploads\/2021\/04\/Scan-2-1.jpg 1499w\" sizes=\"(max-width: 300px) 100vw, 300px\" \/><figcaption id=\"caption-attachment-3939\" class=\"wp-caption-text\">\u201cDu gehst niemals allein auf die Spitze, da ist immer jemand der dir hilft dorthin zu kommen\u201d Das ist es was meine Familie tat!<\/figcaption><\/figure>\n<p>Fortsetzung folgt \u2026<\/p>\n<p>Hier noch ein paar Informationen zu Thema Nierentransplantationen:<\/p>\n<p>Um eine Niere zu erhalten, werden Patienten auf eine Warteliste gesetzt. Jeder Patient ben\u00f6tigt eine Niere von einem Spender mit der selben Blutgruppe, Gr\u00f6\u00dfe und vielen anderen Kriterien. Manchmal passt eine Spenderniere auf mehrere Patienten. Wenn dies passiert, wird die Niere an denjenigen gegeben, der am l\u00e4ngsten auf eine Niere wartet. Ein gesunder Mensch besitzt 2 Nieren, aber bei einer Transplantation bekommt man nur eine Niere. Eine Niere ist vollkommen ausreichend um den K\u00f6rper von allen Giftstoffen zu reinigen.<\/p>\n<p>Besuche <a href=\"http:\/\/www.kidney.org.au\" target=\"_blank\" rel=\"noopener\">Spende<\/a> (Australien) oder <a href=\"http:\/\/www.swisstransplant.org\/en\/\" target=\"_blank\" rel=\"noopener\">Spende<\/a> (Schweiz) um mehr Informationen \u00fcber Nierentransplantationen oder Spendenm\u00f6glichkeiten zu erhalten.<\/p>\t\t\t\t\t\t\t\t<\/div>\n\t\t\t\t<\/div>\n\t\t\t\t\t<\/div>\n\t\t<\/div>\n\t\t\t\t\t<\/div>\n\t\t<\/section>\n\t\t\t\t<section class=\"elementor-section elementor-inner-section elementor-element elementor-element-be618ac elementor-section-boxed elementor-section-height-default elementor-section-height-default\" data-id=\"be618ac\" data-element_type=\"section\" data-e-type=\"section\" data-settings=\"{&quot;background_background&quot;:&quot;classic&quot;}\">\n\t\t\t\t\t\t<div class=\"elementor-container elementor-column-gap-default\">\n\t\t\t\t\t<div class=\"elementor-column elementor-col-50 elementor-inner-column elementor-element elementor-element-625b08f\" data-id=\"625b08f\" data-element_type=\"column\" data-e-type=\"column\">\n\t\t\t<div class=\"elementor-widget-wrap elementor-element-populated\">\n\t\t\t\t\t\t<div class=\"elementor-element elementor-element-8694bcb elementor-align-right elementor-mobile-align-center elementor-widget elementor-widget-button\" data-id=\"8694bcb\" data-element_type=\"widget\" data-e-type=\"widget\" data-widget_type=\"button.default\">\n\t\t\t\t<div class=\"elementor-widget-container\">\n\t\t\t\t\t\t\t\t\t<div class=\"elementor-button-wrapper\">\n\t\t\t\t\t<a class=\"elementor-button elementor-button-link elementor-size-sm\" href=\"https:\/\/nathanaelzurbruegg.com\/de\/about-nathanael\/my-lifestory\/age-10-15\/\">\n\t\t\t\t\t\t<span class=\"elementor-button-content-wrapper\">\n\t\t\t\t\t\t\t\t\t<span class=\"elementor-button-text\">Klicke hier um \u201eTeil 3\u201c zu lesen<\/span>\n\t\t\t\t\t<\/span>\n\t\t\t\t\t<\/a>\n\t\t\t\t<\/div>\n\t\t\t\t\t\t\t\t<\/div>\n\t\t\t\t<\/div>\n\t\t\t\t\t<\/div>\n\t\t<\/div>\n\t\t\t\t<div class=\"elementor-column elementor-col-50 elementor-inner-column elementor-element elementor-element-5b2b1b7\" data-id=\"5b2b1b7\" data-element_type=\"column\" data-e-type=\"column\">\n\t\t\t<div class=\"elementor-widget-wrap elementor-element-populated\">\n\t\t\t\t\t\t<div class=\"elementor-element elementor-element-6548e77 elementor-widget elementor-widget-button\" data-id=\"6548e77\" data-element_type=\"widget\" data-e-type=\"widget\" data-widget_type=\"button.default\">\n\t\t\t\t<div class=\"elementor-widget-container\">\n\t\t\t\t\t\t\t\t\t<div class=\"elementor-button-wrapper\">\n\t\t\t\t\t<a class=\"elementor-button elementor-button-link elementor-size-sm\" href=\"https:\/\/nathanaelzurbruegg.com\/de\/about-nathanael\/pics-age-5-10\/\">\n\t\t\t\t\t\t<span class=\"elementor-button-content-wrapper\">\n\t\t\t\t\t\t\t\t\t<span class=\"elementor-button-text\">Klicke hier f\u00fcr mehr Bilder<\/span>\n\t\t\t\t\t<\/span>\n\t\t\t\t\t<\/a>\n\t\t\t\t<\/div>\n\t\t\t\t\t\t\t\t<\/div>\n\t\t\t\t<\/div>\n\t\t\t\t\t<\/div>\n\t\t<\/div>\n\t\t\t\t\t<\/div>\n\t\t<\/section>\n\t\t\t\t\t<\/div>\n\t\t<\/div>\n\t\t\t\t\t<\/div>\n\t\t<\/section>\n\t\t\t\t<\/div>","protected":false},"excerpt":{"rendered":"<p>Age 5-10 In der Zeit meiner 2. Nierentransplantation Part 2: 5-10 years old. (1993-1998) After those last few infections, things went better for me and I was at home more often, which was great. Things then began to get interesting. In June 1994 my parents and I were called about a kidney transplant. Two small [&hellip;]<\/p>\n","protected":false},"author":1,"featured_media":0,"parent":3773,"menu_order":0,"comment_status":"closed","ping_status":"closed","template":"","meta":{"site-sidebar-layout":"no-sidebar","site-content-layout":"page-builder","ast-site-content-layout":"default","site-content-style":"default","site-sidebar-style":"default","ast-global-header-display":"","ast-banner-title-visibility":"","ast-main-header-display":"","ast-hfb-above-header-display":"","ast-hfb-below-header-display":"","ast-hfb-mobile-header-display":"","site-post-title":"disabled","ast-breadcrumbs-content":"","ast-featured-img":"disabled","footer-sml-layout":"","ast-disable-related-posts":"","theme-transparent-header-meta":"default","adv-header-id-meta":"","stick-header-meta":"default","header-above-stick-meta":"","header-main-stick-meta":"","header-below-stick-meta":"","astra-migrate-meta-layouts":"default","ast-page-background-enabled":"default","ast-page-background-meta":{"desktop":{"background-color":"","background-image":"","background-repeat":"repeat","background-position":"center center","background-size":"auto","background-attachment":"scroll","background-type":"","background-media":"","overlay-type":"","overlay-color":"","overlay-opacity":"","overlay-gradient":""},"tablet":{"background-color":"","background-image":"","background-repeat":"repeat","background-position":"center center","background-size":"auto","background-attachment":"scroll","background-type":"","background-media":"","overlay-type":"","overlay-color":"","overlay-opacity":"","overlay-gradient":""},"mobile":{"background-color":"","background-image":"","background-repeat":"repeat","background-position":"center center","background-size":"auto","background-attachment":"scroll","background-type":"","background-media":"","overlay-type":"","overlay-color":"","overlay-opacity":"","overlay-gradient":""}},"ast-content-background-meta":{"desktop":{"background-color":"var(--ast-global-color-5)","background-image":"","background-repeat":"repeat","background-position":"center center","background-size":"auto","background-attachment":"scroll","background-type":"","background-media":"","overlay-type":"","overlay-color":"","overlay-opacity":"","overlay-gradient":""},"tablet":{"background-color":"var(--ast-global-color-5)","background-image":"","background-repeat":"repeat","background-position":"center center","background-size":"auto","background-attachment":"scroll","background-type":"","background-media":"","overlay-type":"","overlay-color":"","overlay-opacity":"","overlay-gradient":""},"mobile":{"background-color":"var(--ast-global-color-5)","background-image":"","background-repeat":"repeat","background-position":"center center","background-size":"auto","background-attachment":"scroll","background-type":"","background-media":"","overlay-type":"","overlay-color":"","overlay-opacity":"","overlay-gradient":""}},"footnotes":""},"class_list":["post-3932","page","type-page","status-publish","hentry"],"_links":{"self":[{"href":"https:\/\/nathanaelzurbruegg.com\/de\/wp-json\/wp\/v2\/pages\/3932","targetHints":{"allow":["GET"]}}],"collection":[{"href":"https:\/\/nathanaelzurbruegg.com\/de\/wp-json\/wp\/v2\/pages"}],"about":[{"href":"https:\/\/nathanaelzurbruegg.com\/de\/wp-json\/wp\/v2\/types\/page"}],"author":[{"embeddable":true,"href":"https:\/\/nathanaelzurbruegg.com\/de\/wp-json\/wp\/v2\/users\/1"}],"replies":[{"embeddable":true,"href":"https:\/\/nathanaelzurbruegg.com\/de\/wp-json\/wp\/v2\/comments?post=3932"}],"version-history":[{"count":28,"href":"https:\/\/nathanaelzurbruegg.com\/de\/wp-json\/wp\/v2\/pages\/3932\/revisions"}],"predecessor-version":[{"id":4237,"href":"https:\/\/nathanaelzurbruegg.com\/de\/wp-json\/wp\/v2\/pages\/3932\/revisions\/4237"}],"up":[{"embeddable":true,"href":"https:\/\/nathanaelzurbruegg.com\/de\/wp-json\/wp\/v2\/pages\/3773"}],"wp:attachment":[{"href":"https:\/\/nathanaelzurbruegg.com\/de\/wp-json\/wp\/v2\/media?parent=3932"}],"curies":[{"name":"wp","href":"https:\/\/api.w.org\/{rel}","templated":true}]}}