{"id":3958,"date":"2021-04-02T23:21:21","date_gmt":"2021-04-02T23:21:21","guid":{"rendered":"https:\/\/nathanaelzurbruegg.com\/?page_id=3958"},"modified":"2021-04-08T10:06:10","modified_gmt":"2021-04-08T10:06:10","slug":"age-10-15","status":"publish","type":"page","link":"https:\/\/nathanaelzurbruegg.com\/de\/about-nathanael\/my-lifestory\/age-10-15\/","title":{"rendered":"Alter 10-15"},"content":{"rendered":"<div data-elementor-type=\"wp-page\" data-elementor-id=\"3958\" class=\"elementor elementor-3958\">\n\t\t\t\t\t\t<section class=\"elementor-section elementor-top-section elementor-element elementor-element-934ba25 elementor-section-boxed elementor-section-height-default elementor-section-height-default\" data-id=\"934ba25\" data-element_type=\"section\" data-e-type=\"section\">\n\t\t\t\t\t\t<div class=\"elementor-container elementor-column-gap-no\">\n\t\t\t\t\t<div class=\"elementor-column elementor-col-100 elementor-top-column elementor-element elementor-element-82819fc\" data-id=\"82819fc\" data-element_type=\"column\" data-e-type=\"column\">\n\t\t\t<div class=\"elementor-widget-wrap elementor-element-populated\">\n\t\t\t\t\t\t<section class=\"elementor-section elementor-inner-section elementor-element elementor-element-a6f0b96 elementor-section-boxed elementor-section-height-default elementor-section-height-default\" data-id=\"a6f0b96\" data-element_type=\"section\" data-e-type=\"section\" data-settings=\"{&quot;background_background&quot;:&quot;classic&quot;}\">\n\t\t\t\t\t\t<div class=\"elementor-container elementor-column-gap-default\">\n\t\t\t\t\t<div class=\"elementor-column elementor-col-100 elementor-inner-column elementor-element elementor-element-343ed22\" data-id=\"343ed22\" data-element_type=\"column\" data-e-type=\"column\">\n\t\t\t<div class=\"elementor-widget-wrap elementor-element-populated\">\n\t\t\t\t\t\t<div class=\"elementor-element elementor-element-69711bf elementor-widget elementor-widget-heading\" data-id=\"69711bf\" data-element_type=\"widget\" data-e-type=\"widget\" data-widget_type=\"heading.default\">\n\t\t\t\t<div class=\"elementor-widget-container\">\n\t\t\t\t\t<h2 class=\"elementor-heading-title elementor-size-default\">Alter 10-15<\/h2>\t\t\t\t<\/div>\n\t\t\t\t<\/div>\n\t\t\t\t<div class=\"elementor-element elementor-element-be9301c elementor-widget elementor-widget-image\" data-id=\"be9301c\" data-element_type=\"widget\" data-e-type=\"widget\" data-widget_type=\"image.default\">\n\t\t\t\t<div class=\"elementor-widget-container\">\n\t\t\t\t\t\t\t\t\t\t\t\t<figure class=\"wp-caption\">\n\t\t\t\t\t\t\t\t\t\t<img fetchpriority=\"high\" decoding=\"async\" width=\"713\" height=\"1024\" src=\"https:\/\/nathanaelzurbruegg.com\/wp-content\/uploads\/2021\/04\/Scan-6-713x1024.jpg\" class=\"elementor-animation-float attachment-large size-large wp-image-3969\" alt=\"\" srcset=\"https:\/\/nathanaelzurbruegg.com\/wp-content\/uploads\/2021\/04\/Scan-6-713x1024.jpg 713w, https:\/\/nathanaelzurbruegg.com\/wp-content\/uploads\/2021\/04\/Scan-6-209x300.jpg 209w, https:\/\/nathanaelzurbruegg.com\/wp-content\/uploads\/2021\/04\/Scan-6-768x1103.jpg 768w, https:\/\/nathanaelzurbruegg.com\/wp-content\/uploads\/2021\/04\/Scan-6-600x862.jpg 600w, https:\/\/nathanaelzurbruegg.com\/wp-content\/uploads\/2021\/04\/Scan-6.jpg 1030w\" sizes=\"(max-width: 713px) 100vw, 713px\" \/>\t\t\t\t\t\t\t\t\t\t\t<figcaption class=\"widget-image-caption wp-caption-text\">Kein Kommentar \ud83d\ude42<\/figcaption>\n\t\t\t\t\t\t\t\t\t\t<\/figure>\n\t\t\t\t\t\t\t\t\t<\/div>\n\t\t\t\t<\/div>\n\t\t\t\t\t<\/div>\n\t\t<\/div>\n\t\t\t\t\t<\/div>\n\t\t<\/section>\n\t\t\t\t<section class=\"elementor-section elementor-inner-section elementor-element elementor-element-48fbf53 elementor-section-boxed elementor-section-height-default elementor-section-height-default\" data-id=\"48fbf53\" data-element_type=\"section\" data-e-type=\"section\" data-settings=\"{&quot;background_background&quot;:&quot;classic&quot;}\">\n\t\t\t\t\t\t<div class=\"elementor-container elementor-column-gap-wide\">\n\t\t\t\t\t<div class=\"elementor-column elementor-col-100 elementor-inner-column elementor-element elementor-element-8ac724f\" data-id=\"8ac724f\" data-element_type=\"column\" data-e-type=\"column\">\n\t\t\t<div class=\"elementor-widget-wrap elementor-element-populated\">\n\t\t\t\t\t\t<div class=\"elementor-element elementor-element-7bb4c57 elementor-widget elementor-widget-text-editor\" data-id=\"7bb4c57\" data-element_type=\"widget\" data-e-type=\"widget\" data-widget_type=\"text-editor.default\">\n\t\t\t\t<div class=\"elementor-widget-container\">\n\t\t\t\t\t\t\t\t\t<p><strong><em>Teil 3:<\/em><\/strong><\/p><p><em><strong>10-15 Jahre.<\/strong> <\/em><\/p><hr \/><p>Inmitten der wundersch\u00f6nen Schweizer Alpen aufzuwachsen ist ein Traum f\u00fcr viele Menschen und so war es auch f\u00fcr mich. Bis ich realisierte, dass es auch ein Albtraum sein kann!<\/p><p>Anfang des Jahres 1999 wurde die Schweiz f\u00fcr mehrere Wochen von einem lang andauernden Schneesturm heimgesucht. Zu dieser Zeit war es sehr schwierig dort zu leben. In einem kleinen St\u00e4dtchen inmitten der Schweizer Berge zu leben, wurde f\u00fcr die Menschen dort sehr gef\u00e4hrlich. Die meisten Stra\u00dfen. die aus der kleinen Stadt im Tal hinaus f\u00fchrten, waren f\u00fcr viele Wochen geschlossen. Der Grund hierf\u00fcr waren Schneelavienen, die jeder Zeit ins Tal hinabgehen und potentielle Autofahrer auf der Stra\u00dfe das Leben kosten k\u00f6nnten.<\/p><p>F\u00fcr mich als Dialysepatient war diese Situation schrecklich, da es keinen Weg gab um ins Krankenhaus zu gelangen. Ich hatte 3 Tage die Woche Dialyse und das Krankenhaus war eine Stunde Fahrtzeit entfernt. F\u00fcr viele Menschen war dies eine dramatische Zeit, weil sie ihr normales komfortables Leben nicht so f\u00fchren konnten, wie sie es gewohnt waren. F\u00fcr mich war die Frage, ob ich diese Zeit \u00fcberleben w\u00fcrde oder nicht! Wenn du die Dialysebehandlung abbrichst, obwohl du sie brauchst, wirst du innerhalb von 5-7 Tagen sterben!<\/p><figure id=\"attachment_3974\" aria-describedby=\"caption-attachment-3974\" style=\"width: 300px\" class=\"wp-caption alignright\"><img decoding=\"async\" class=\"size-medium wp-image-3974\" src=\"https:\/\/nathanaelzurbruegg.com\/wp-content\/uploads\/2021\/04\/Screenshot-2016-09-30-11.08.03-300x219.jpg\" alt=\"\" width=\"300\" height=\"219\" srcset=\"https:\/\/nathanaelzurbruegg.com\/wp-content\/uploads\/2021\/04\/Screenshot-2016-09-30-11.08.03-300x219.jpg 300w, https:\/\/nathanaelzurbruegg.com\/wp-content\/uploads\/2021\/04\/Screenshot-2016-09-30-11.08.03.jpg 514w\" sizes=\"(max-width: 300px) 100vw, 300px\" \/><figcaption id=\"caption-attachment-3974\" class=\"wp-caption-text\">Das Tal in dem ich gewohnt habe. Die Stra\u00dfe war f\u00fcr einige Wochen gesperrt.<\/figcaption><\/figure><p>Gott sei Dank gab e seine L\u00f6sung um aus der Stadt zu kommen. Man arrangierte einen Hubschraubertransport f\u00fcr Menschen, die das Tal verlassen wollten\/mussten!<\/p><p>Vom n\u00e4chsten Ort aus lief der Verkehr wieder normal, da es hier keine Lawinenwarnung gab.<\/p><p>Jeden Tag wurden Menschen mit Hubschraubern vom einen Ort zum n\u00e4chsten transportiert. Auch Essen und andere lebenswichtige G\u00fcter wurden auf diesem Wege transportiert. In Frutigen (Name der Stadt) angekommen, konnte man seine Reise ganz normal mit dem Auto oder der Bahn fortsetzen.<\/p><p>Diese Zeit war ziemlich verr\u00fcckt f\u00fcr uns alle, aber f\u00fcr mich als 10-J\u00e4hriger war es das Beste, was passieren konnte. So habe ich mir meinen Traum vom Hubschrauberfliegen verwirklichen k\u00f6nnen. Und es war nicht nur ein oder zwei Mal. Nein, es waren elf Mal in drei Wochen!<\/p><p>Es war nicht das erste Mal, dass ich in einem Hubschrauber geflogen bin. Im Jahr 1993 wurde ich ein Mal mit einem Hubschrauber ins Krankenhaus geflogen als ich einen Schlaganfall hatte und ein weiteres Mal nach einem Autounfall *. Beide Male konnte ich es nicht wirklich genie\u00dfen. Dieses Mal war es super!<\/p><p>(* siehe <a href=\"https:\/\/nathanaelzurbruegg.com\/de\/about-nathanael\/my-lifestory\/age-0-5\/\" target=\"_blank\" rel=\"noopener\">Lebensgeschichte Teil 1<\/a> &amp;<a href=\"https:\/\/nathanaelzurbruegg.com\/de\/about-nathanael\/my-lifestory\/age-5-10\/\" target=\"_blank\" rel=\"noopener\"> Lebensgeschichte Teil 2 <\/a>f\u00fcr mehr Informationen zu diesen Vorf\u00e4llen)<\/p><p>Obwohl die Stra\u00dfen geschlossen waren und die Stadt total eingeschneit war, habe ich den Transport mit dem Hubschrauber in den 3 Wochen sehr genossen. Manchmal konnte ich es nicht abwarten, bis ich das n\u00e4chste Mal fliegen w\u00fcrde.<\/p><p>Wie auch immer gab es einen Tag, an dem es so neblig war, dass auch der Luftverkehr eingestellt werden musste. Nat\u00fcrlich war es genau der Tag, an dem ich eigentlich zur Dialyse musste! Wir wussten nicht was wir tun sollten. Mein Vater, der hinter Frutigen arbeitete,  war bereits bei meinen Gro\u00dfeltern in Frutigen geblieben, damit er nicht st\u00e4ndig hin und her fliegen musste. Aus diesem Grund musste meine Mutter den mutigen Schritt tun und die Polizei anrufen um einen Weg zu finden mit mir ins Krankenhaus zu kommen.<\/p><p>Um 9 Uhr an diesem Morgen fand die Polizei einen Weg, mich und eine weitere Person, die an diesem Tag eine Examenspr\u00fcfung ablegen musste, aus der Stadt zu bringen.<\/p><figure id=\"attachment_3973\" aria-describedby=\"caption-attachment-3973\" style=\"width: 300px\" class=\"wp-caption alignleft\"><img decoding=\"async\" class=\"size-medium wp-image-3973\" src=\"https:\/\/nathanaelzurbruegg.com\/wp-content\/uploads\/2021\/04\/Screenshot-2016-09-30-11.06.11-300x226.jpg\" alt=\"\" width=\"300\" height=\"226\" srcset=\"https:\/\/nathanaelzurbruegg.com\/wp-content\/uploads\/2021\/04\/Screenshot-2016-09-30-11.06.11-300x226.jpg 300w, https:\/\/nathanaelzurbruegg.com\/wp-content\/uploads\/2021\/04\/Screenshot-2016-09-30-11.06.11.jpg 513w\" sizes=\"(max-width: 300px) 100vw, 300px\" \/><figcaption id=\"caption-attachment-3973\" class=\"wp-caption-text\">Seilbahn in meinem Ort<\/figcaption><\/figure><p class=\"translation-block\">Ein Polizeiauto holte uns dann gegen 10 Uhr von zu Hause ab und fuhr uns zu einer Seilbahnstation. Von dort aus fuhren wir dann mit einer Pistenraupe \u00fcber die Berge zur n\u00e4chsten Seilbahnstation auf der anderen Seite.<\/p><p>Obwohl wir einen sehr erfahrenen Fahrer hatten, tat auch dieser sich sehr schwer, durch den Nebel an diesem Tag den Weg zu finden. Es dauerte ungef\u00e4hr 4 Stunden, von der einen Station bis zur anderen Seite zu fahren. An einem normalen Tag w\u00fcrde ein Pistenraupe nur ca. eine Stunde daf\u00fcr ben\u00f6tigen!<\/p><p class=\"translation-block\">Nachdem wir an der anderen Seilbahnstation angekommen waren, mussten wir noch mit dem Auto in den n\u00e4chste Ort (Lenk) fahren. Wir erreichten Lenk gegen 17 Uhr am Nachmittag. Mein Vater holte uns dort ab und fuhr uns direkt ins Krankenhaus, wo wir dann um 18 Uhr ankamen.<\/p><figure id=\"attachment_3975\" aria-describedby=\"caption-attachment-3975\" style=\"width: 300px\" class=\"wp-caption alignright\"><img loading=\"lazy\" decoding=\"async\" class=\"size-medium wp-image-3975\" src=\"https:\/\/nathanaelzurbruegg.com\/wp-content\/uploads\/2021\/04\/Screenshot-2016-09-30-11.09.19-300x192.jpg\" alt=\"\" width=\"300\" height=\"192\" srcset=\"https:\/\/nathanaelzurbruegg.com\/wp-content\/uploads\/2021\/04\/Screenshot-2016-09-30-11.09.19-300x192.jpg 300w, https:\/\/nathanaelzurbruegg.com\/wp-content\/uploads\/2021\/04\/Screenshot-2016-09-30-11.09.19.jpg 593w\" sizes=\"(max-width: 300px) 100vw, 300px\" \/><figcaption id=\"caption-attachment-3975\" class=\"wp-caption-text\">Eine Pistenraupe<\/figcaption><\/figure><p><span style=\"font-size: 16px;\">Und das war nur der Anfang, denn ich musste mich dann ja auch noch einer vierst\u00fcndigen Dialysebehandlung unterziehen. Nachdem ich gegen 22 Uhr damit fertig war, fuhren wir noch ca. eine Stunde zur\u00fcck nach Frutigen zum Haus meiner Gro\u00dfeltern. Dort blieben wir allerdings, bis alle Stra\u00dfen wieder ge\u00f6ffnet wurden.<\/span><\/p><p>Zwei Tage nachdem alle Stra\u00dfen wieder f\u00fcr den Verkehr ge\u00f6ffnet waren, wurde ich sehr krank. Ich hatte wieder einen Schlaganfall. Genau einen solchen, wie der im Jahre 1993 als ich ins Koma fiel. Es war zwar nicht so schlimm wie damals, aber ich war kaum bei Bewusstsein und wurde aus diesem Grund mit dem Hubschrauber wieder zur\u00fcck ins Krankenhaus geflogen. Die \u00c4rzte teilten meinen Eltern am n\u00e4chsten Morgen mit, dass sie nicht daran geglaubt h\u00e4tten, dass ich die Nacht \u00fcberleben w\u00fcrde. Dies war also ein weiteres Tod-\u00fcberwindendes Wunder f\u00fcr meine B\u00fccher!<\/p><p class=\"translation-block\">Drei Tage vor meinem 11. Geburtstag, im November 1999, bekamen wir einen Anruf, dass eine Niere f\u00fcr mich zur Verf\u00fcgung stehen w\u00fcrde. Diese Transplantation verlief sehr gut und die Niere passte perfekt. Trotzdem ging es mir psychisch und emotional nicht sehr gut, da ich Angst davor hatte diese Niere wieder zu verlieren.<\/p><p>Im Jahr 2000 war meine k\u00f6rperliche Gesundheit allerdings recht stabil und ich begann wieder damit meinen gr\u00f6\u00dften Traum zu leben \u2013 ein Leben ohne Dialyse 3 Mal pro Woche!<\/p><p>Bevor ich meine dritte Nierentransplantation hatte, glaubte ich, dass alles, was ich f\u00fcr ein erf\u00fclltes Leben brauchte, eine neue Niere w\u00e4re. Als ich aber diese Niere hatte, realisierte ich, dass noch etwas Anderes in meinem Leben fehlte. Dieses \u201eEtwas\u201c musste tief in mir drin ausgef\u00fcllt werden.<\/p><figure id=\"attachment_3970\" aria-describedby=\"caption-attachment-3970\" style=\"width: 300px\" class=\"wp-caption aligncenter\"><img loading=\"lazy\" decoding=\"async\" class=\"size-medium wp-image-3970\" src=\"https:\/\/nathanaelzurbruegg.com\/wp-content\/uploads\/2021\/04\/Scan-9-e1469582663971-300x204.jpg\" alt=\"\" width=\"300\" height=\"204\" srcset=\"https:\/\/nathanaelzurbruegg.com\/wp-content\/uploads\/2021\/04\/Scan-9-e1469582663971-300x204.jpg 300w, https:\/\/nathanaelzurbruegg.com\/wp-content\/uploads\/2021\/04\/Scan-9-e1469582663971-1024x697.jpg 1024w, https:\/\/nathanaelzurbruegg.com\/wp-content\/uploads\/2021\/04\/Scan-9-e1469582663971-768x523.jpg 768w, https:\/\/nathanaelzurbruegg.com\/wp-content\/uploads\/2021\/04\/Scan-9-e1469582663971-1536x1046.jpg 1536w, https:\/\/nathanaelzurbruegg.com\/wp-content\/uploads\/2021\/04\/Scan-9-e1469582663971-600x408.jpg 600w, https:\/\/nathanaelzurbruegg.com\/wp-content\/uploads\/2021\/04\/Scan-9-e1469582663971.jpg 1748w\" sizes=\"(max-width: 300px) 100vw, 300px\" \/><figcaption id=\"caption-attachment-3970\" class=\"wp-caption-text\">The kid with another kid \ud83d\ude42<\/figcaption><\/figure><p class=\"translation-block\">Dann im Oktober 2000 fand ich endlich dieses \u201cEtwas\u201d, dass diese Leere in mir drin f\u00fcr immer ausf\u00fcllen w\u00fcrde! Ein Pastor fragte mich, ob ich mein Leben Jesus Christus \u00fcbergeben wollte. Da ich in einem christlichen Zuhause aufgewachsen bin, wusste ich schon einiges \u00fcber Gott, die Bibel usw. Aber ich hatte bis dahin niemals eine bewusste Entscheidung getroffen, Jesus mein Leben zu geben um mit ihm verbunden zu sein. Also tat ich dies und pl\u00f6tzlich war mein Leben gef\u00fcllt mit all dem was ich f\u00fcr so lange Zeit gesucht hatte! Es geschah tief im mir drin und machte mir unendliche Freude, bedingungslose Liebe und eine Hoffnung, die mir eine Bestimmung und Bedeutung im Leben gibt, egal welchen Schwierigkeiten und Beschwerden ich noch begegnen w\u00fcrde.<\/p><figure id=\"attachment_3972\" aria-describedby=\"caption-attachment-3972\" style=\"width: 300px\" class=\"wp-caption alignright\"><img loading=\"lazy\" decoding=\"async\" class=\"size-medium wp-image-3972\" src=\"https:\/\/nathanaelzurbruegg.com\/wp-content\/uploads\/2021\/04\/Scan-12-300x225.jpg\" alt=\"\" width=\"300\" height=\"225\" srcset=\"https:\/\/nathanaelzurbruegg.com\/wp-content\/uploads\/2021\/04\/Scan-12-300x225.jpg 300w, https:\/\/nathanaelzurbruegg.com\/wp-content\/uploads\/2021\/04\/Scan-12-1024x767.jpg 1024w, https:\/\/nathanaelzurbruegg.com\/wp-content\/uploads\/2021\/04\/Scan-12-768x575.jpg 768w, https:\/\/nathanaelzurbruegg.com\/wp-content\/uploads\/2021\/04\/Scan-12-600x449.jpg 600w, https:\/\/nathanaelzurbruegg.com\/wp-content\/uploads\/2021\/04\/Scan-12.jpg 1382w\" sizes=\"(max-width: 300px) 100vw, 300px\" \/><figcaption id=\"caption-attachment-3972\" class=\"wp-caption-text\">A time when I had my third kidney. The medication \u201cCortison\u201d which I used to take during my transplant, changed me massive on the outside! But who cared, I was living the dream! \ud83d\ude42<\/figcaption><\/figure><p><span style=\"font-size: 16px;\">Ich fand unendliche Vergebung von dem Gott, der das Universum erschuf. Niemals endende Gnade und eine \u00fcbernat\u00fcrliche Kraft, die Energie bringt um mit Schwierigkeiten umgehen zu k\u00f6nnen. Es war die beste Entscheidung, die ich in meinem Leben habe treffen k\u00f6nnen. Sie gab mir eine komplett andere Perspektive auf mein Leben, auf das Leben mit einer chronischen Krankheit.<\/span><\/p><p>Im Januar 2001 bekam ich wieder einmal k\u00f6rperliche Probleme. Ich bekam Pfeifersches Dr\u00fcsenfieber, welches dazu f\u00fchrte, dass meine chronische Krankheit wieder ausbrach! Ich war am Rande einer sehr schwierigen Zeit. Durch das Wissen, dass die Krankheit wieder ausgebrochen war, bekam ich Angst meine Niere wieder zu verlieren. Die \u00c4rzte und Krankenschwestern taten alles in ihrer Macht stehende um meine Niere am Leben zu erhalten. Aber nach ca. zwei Monaten h\u00f6rte sie auf zu arbeiten und ich musste wieder mit der Dialyse beginnen.<\/p><p>(<a href=\"https:\/\/cutt.ly\/NcLuHWq\" target=\"_blank\" rel=\"noopener\">*Siehe hier Wikipedia Peiffersches Dr\u00fcssenfieber<\/a>)<\/p><p>Ich war entt\u00e4uscht, w\u00fctend und konnte nicht verstehen, warum dies jemandem passiert, der schon so viele Dinge in seinem Leben durchmachen musste! Doch da ich nun jemanden Gr\u00f6\u00dferen und Besseren in meinem Leben hatte, aka Gott, der nach mir sah, hielt ich an seinem Versprechen fest, dass alle Dinge eines Tages zu etwas Gutem f\u00fchren w\u00fcrden. In diesem Sommer musste mir die Niere allerdings wieder entfernt werden, da sie inzwischen mehr Schaden anrichtete, als sie Gutes tat.<\/p><p>2002 wurde ich durch eine Lungeninfektion wieder sehr krank. Das dritte Mal in meinem Leben. Ich musste auf der Intensivstation behandelt werden und war wieder einmal kurz davor zu sterben. Gott sei Dank habe ich auch dieses Mal den Tod \u00fcberwunden und kam langsam wieder zu Kr\u00e4ften. Ein paar Tage sp\u00e4ter bekam ich eine weitere Infektion. Dieses Mal aber bedingt durch den H\u00e4modialysekatheter. Deshalb musste ich ein weiteres Mal operiert werden um den Katheter entfernt und einen Neuen eingesetzt zu bekommen. Eine solche Operation war nicht die Erste und auch nicht die Letzte. Denn \u00fcber die Jahre hatte ich einige dieser Operationen, auf Grund einer Infektion, da ein Katheter auslief oder andere Probleme bereitete.<\/p><figure id=\"attachment_3971\" aria-describedby=\"caption-attachment-3971\" style=\"width: 300px\" class=\"wp-caption aligncenter\"><img loading=\"lazy\" decoding=\"async\" class=\"size-medium wp-image-3971\" src=\"https:\/\/nathanaelzurbruegg.com\/wp-content\/uploads\/2021\/04\/Scan-11-300x223.jpg\" alt=\"\" width=\"300\" height=\"223\" srcset=\"https:\/\/nathanaelzurbruegg.com\/wp-content\/uploads\/2021\/04\/Scan-11-300x223.jpg 300w, https:\/\/nathanaelzurbruegg.com\/wp-content\/uploads\/2021\/04\/Scan-11-1024x763.jpg 1024w, https:\/\/nathanaelzurbruegg.com\/wp-content\/uploads\/2021\/04\/Scan-11-768x572.jpg 768w, https:\/\/nathanaelzurbruegg.com\/wp-content\/uploads\/2021\/04\/Scan-11-600x447.jpg 600w, https:\/\/nathanaelzurbruegg.com\/wp-content\/uploads\/2021\/04\/Scan-11.jpg 1384w\" sizes=\"(max-width: 300px) 100vw, 300px\" \/><figcaption id=\"caption-attachment-3971\" class=\"wp-caption-text\">Das erste Mal im Meer. Da ich einen Katheter hatte, konnte ich nicht weit ins Wasser gehen. Es war das erste Mal in meinem Leben in einem anderen Land, nur f\u00fcr ein Wochenende als ich eine Dialysepause hatte.<\/figcaption><\/figure><p>Das Jahr 2003 war ich recht stabil. Neben meinen regul\u00e4ren Dialysebehandlungen ging ich so oft es ging zur Schule und genoss meine Freizeit mit Freunden, Familie und anderen Hobbies.<\/p><p>Fortsetzung folgt.\u2026<\/p>\t\t\t\t\t\t\t\t<\/div>\n\t\t\t\t<\/div>\n\t\t\t\t\t<\/div>\n\t\t<\/div>\n\t\t\t\t\t<\/div>\n\t\t<\/section>\n\t\t\t\t<section class=\"elementor-section elementor-inner-section elementor-element elementor-element-f258d5a elementor-section-boxed elementor-section-height-default elementor-section-height-default\" data-id=\"f258d5a\" data-element_type=\"section\" data-e-type=\"section\" data-settings=\"{&quot;background_background&quot;:&quot;classic&quot;}\">\n\t\t\t\t\t\t<div class=\"elementor-container elementor-column-gap-default\">\n\t\t\t\t\t<div class=\"elementor-column elementor-col-50 elementor-inner-column elementor-element elementor-element-9b01a48\" data-id=\"9b01a48\" data-element_type=\"column\" data-e-type=\"column\">\n\t\t\t<div class=\"elementor-widget-wrap elementor-element-populated\">\n\t\t\t\t\t\t<div class=\"elementor-element elementor-element-a611a79 elementor-align-right elementor-mobile-align-center elementor-widget elementor-widget-button\" data-id=\"a611a79\" data-element_type=\"widget\" data-e-type=\"widget\" data-widget_type=\"button.default\">\n\t\t\t\t<div class=\"elementor-widget-container\">\n\t\t\t\t\t\t\t\t\t<div class=\"elementor-button-wrapper\">\n\t\t\t\t\t<a class=\"elementor-button elementor-button-link elementor-size-sm\" href=\"https:\/\/nathanaelzurbruegg.com\/de\/about-nathanael\/my-lifestory\/age-15-20\/\">\n\t\t\t\t\t\t<span class=\"elementor-button-content-wrapper\">\n\t\t\t\t\t\t\t\t\t<span class=\"elementor-button-text\">Klicke hier um Teil 4 zu lesen<\/span>\n\t\t\t\t\t<\/span>\n\t\t\t\t\t<\/a>\n\t\t\t\t<\/div>\n\t\t\t\t\t\t\t\t<\/div>\n\t\t\t\t<\/div>\n\t\t\t\t\t<\/div>\n\t\t<\/div>\n\t\t\t\t<div class=\"elementor-column elementor-col-50 elementor-inner-column elementor-element elementor-element-fd39ff8\" data-id=\"fd39ff8\" data-element_type=\"column\" data-e-type=\"column\">\n\t\t\t<div class=\"elementor-widget-wrap elementor-element-populated\">\n\t\t\t\t\t\t<div class=\"elementor-element elementor-element-c8dfe72 elementor-widget elementor-widget-button\" data-id=\"c8dfe72\" data-element_type=\"widget\" data-e-type=\"widget\" data-widget_type=\"button.default\">\n\t\t\t\t<div class=\"elementor-widget-container\">\n\t\t\t\t\t\t\t\t\t<div class=\"elementor-button-wrapper\">\n\t\t\t\t\t<a class=\"elementor-button elementor-button-link elementor-size-sm\" href=\"https:\/\/nathanaelzurbruegg.com\/de\/about-nathanael\/pics-age-10-15\/\">\n\t\t\t\t\t\t<span class=\"elementor-button-content-wrapper\">\n\t\t\t\t\t\t\t\t\t<span class=\"elementor-button-text\">Klicke hier f\u00fcr mehr Bilder<\/span>\n\t\t\t\t\t<\/span>\n\t\t\t\t\t<\/a>\n\t\t\t\t<\/div>\n\t\t\t\t\t\t\t\t<\/div>\n\t\t\t\t<\/div>\n\t\t\t\t\t<\/div>\n\t\t<\/div>\n\t\t\t\t\t<\/div>\n\t\t<\/section>\n\t\t\t\t\t<\/div>\n\t\t<\/div>\n\t\t\t\t\t<\/div>\n\t\t<\/section>\n\t\t\t\t<\/div>","protected":false},"excerpt":{"rendered":"<p>Age 10-15 Kein Kommentar \ud83d\ude42 Part 3: 10-15 years old. Growing up in the middle of the beautiful Swiss Alps is a dream for many, and it was for me until I realised that it can be a nightmare too! For several weeks at the beginning of 1999, Switzerland was waylaid by a huge snowstorm. [&hellip;]<\/p>\n","protected":false},"author":1,"featured_media":0,"parent":3773,"menu_order":0,"comment_status":"closed","ping_status":"closed","template":"","meta":{"site-sidebar-layout":"no-sidebar","site-content-layout":"page-builder","ast-site-content-layout":"default","site-content-style":"default","site-sidebar-style":"default","ast-global-header-display":"","ast-banner-title-visibility":"","ast-main-header-display":"","ast-hfb-above-header-display":"","ast-hfb-below-header-display":"","ast-hfb-mobile-header-display":"","site-post-title":"disabled","ast-breadcrumbs-content":"","ast-featured-img":"disabled","footer-sml-layout":"","ast-disable-related-posts":"","theme-transparent-header-meta":"default","adv-header-id-meta":"","stick-header-meta":"default","header-above-stick-meta":"","header-main-stick-meta":"","header-below-stick-meta":"","astra-migrate-meta-layouts":"default","ast-page-background-enabled":"default","ast-page-background-meta":{"desktop":{"background-color":"","background-image":"","background-repeat":"repeat","background-position":"center center","background-size":"auto","background-attachment":"scroll","background-type":"","background-media":"","overlay-type":"","overlay-color":"","overlay-opacity":"","overlay-gradient":""},"tablet":{"background-color":"","background-image":"","background-repeat":"repeat","background-position":"center center","background-size":"auto","background-attachment":"scroll","background-type":"","background-media":"","overlay-type":"","overlay-color":"","overlay-opacity":"","overlay-gradient":""},"mobile":{"background-color":"","background-image":"","background-repeat":"repeat","background-position":"center center","background-size":"auto","background-attachment":"scroll","background-type":"","background-media":"","overlay-type":"","overlay-color":"","overlay-opacity":"","overlay-gradient":""}},"ast-content-background-meta":{"desktop":{"background-color":"var(--ast-global-color-5)","background-image":"","background-repeat":"repeat","background-position":"center center","background-size":"auto","background-attachment":"scroll","background-type":"","background-media":"","overlay-type":"","overlay-color":"","overlay-opacity":"","overlay-gradient":""},"tablet":{"background-color":"var(--ast-global-color-5)","background-image":"","background-repeat":"repeat","background-position":"center center","background-size":"auto","background-attachment":"scroll","background-type":"","background-media":"","overlay-type":"","overlay-color":"","overlay-opacity":"","overlay-gradient":""},"mobile":{"background-color":"var(--ast-global-color-5)","background-image":"","background-repeat":"repeat","background-position":"center center","background-size":"auto","background-attachment":"scroll","background-type":"","background-media":"","overlay-type":"","overlay-color":"","overlay-opacity":"","overlay-gradient":""}},"footnotes":""},"class_list":["post-3958","page","type-page","status-publish","hentry"],"_links":{"self":[{"href":"https:\/\/nathanaelzurbruegg.com\/de\/wp-json\/wp\/v2\/pages\/3958","targetHints":{"allow":["GET"]}}],"collection":[{"href":"https:\/\/nathanaelzurbruegg.com\/de\/wp-json\/wp\/v2\/pages"}],"about":[{"href":"https:\/\/nathanaelzurbruegg.com\/de\/wp-json\/wp\/v2\/types\/page"}],"author":[{"embeddable":true,"href":"https:\/\/nathanaelzurbruegg.com\/de\/wp-json\/wp\/v2\/users\/1"}],"replies":[{"embeddable":true,"href":"https:\/\/nathanaelzurbruegg.com\/de\/wp-json\/wp\/v2\/comments?post=3958"}],"version-history":[{"count":28,"href":"https:\/\/nathanaelzurbruegg.com\/de\/wp-json\/wp\/v2\/pages\/3958\/revisions"}],"predecessor-version":[{"id":4244,"href":"https:\/\/nathanaelzurbruegg.com\/de\/wp-json\/wp\/v2\/pages\/3958\/revisions\/4244"}],"up":[{"embeddable":true,"href":"https:\/\/nathanaelzurbruegg.com\/de\/wp-json\/wp\/v2\/pages\/3773"}],"wp:attachment":[{"href":"https:\/\/nathanaelzurbruegg.com\/de\/wp-json\/wp\/v2\/media?parent=3958"}],"curies":[{"name":"wp","href":"https:\/\/api.w.org\/{rel}","templated":true}]}}