{"id":4005,"date":"2021-04-03T00:33:50","date_gmt":"2021-04-03T00:33:50","guid":{"rendered":"https:\/\/nathanaelzurbruegg.com\/?page_id=4005"},"modified":"2021-04-08T08:02:59","modified_gmt":"2021-04-08T08:02:59","slug":"age-15-20","status":"publish","type":"page","link":"https:\/\/nathanaelzurbruegg.com\/de\/about-nathanael\/my-lifestory\/age-15-20\/","title":{"rendered":"Alter 15-20"},"content":{"rendered":"<div data-elementor-type=\"wp-page\" data-elementor-id=\"4005\" class=\"elementor elementor-4005\">\n\t\t\t\t\t\t<section class=\"elementor-section elementor-top-section elementor-element elementor-element-1c0e717 elementor-section-boxed elementor-section-height-default elementor-section-height-default\" data-id=\"1c0e717\" data-element_type=\"section\" data-e-type=\"section\">\n\t\t\t\t\t\t<div class=\"elementor-container elementor-column-gap-no\">\n\t\t\t\t\t<div class=\"elementor-column elementor-col-100 elementor-top-column elementor-element elementor-element-1d0f924\" data-id=\"1d0f924\" data-element_type=\"column\" data-e-type=\"column\">\n\t\t\t<div class=\"elementor-widget-wrap elementor-element-populated\">\n\t\t\t\t\t\t<section class=\"elementor-section elementor-inner-section elementor-element elementor-element-2c454e5 elementor-section-boxed elementor-section-height-default elementor-section-height-default\" data-id=\"2c454e5\" data-element_type=\"section\" data-e-type=\"section\" data-settings=\"{&quot;background_background&quot;:&quot;classic&quot;}\">\n\t\t\t\t\t\t<div class=\"elementor-container elementor-column-gap-default\">\n\t\t\t\t\t<div class=\"elementor-column elementor-col-100 elementor-inner-column elementor-element elementor-element-30bd840\" data-id=\"30bd840\" data-element_type=\"column\" data-e-type=\"column\">\n\t\t\t<div class=\"elementor-widget-wrap elementor-element-populated\">\n\t\t\t\t\t\t<div class=\"elementor-element elementor-element-c656d3b elementor-widget elementor-widget-heading\" data-id=\"c656d3b\" data-element_type=\"widget\" data-e-type=\"widget\" data-widget_type=\"heading.default\">\n\t\t\t\t<div class=\"elementor-widget-container\">\n\t\t\t\t\t<h2 class=\"elementor-heading-title elementor-size-default\">Alter 15-20<\/h2>\t\t\t\t<\/div>\n\t\t\t\t<\/div>\n\t\t\t\t<div class=\"elementor-element elementor-element-70b49d0 elementor-widget elementor-widget-image\" data-id=\"70b49d0\" data-element_type=\"widget\" data-e-type=\"widget\" data-widget_type=\"image.default\">\n\t\t\t\t<div class=\"elementor-widget-container\">\n\t\t\t\t\t\t\t\t\t\t\t\t<figure class=\"wp-caption\">\n\t\t\t\t\t\t\t\t\t\t<img fetchpriority=\"high\" decoding=\"async\" width=\"1024\" height=\"741\" src=\"https:\/\/nathanaelzurbruegg.com\/wp-content\/uploads\/2021\/04\/Scan-21-1024x741.jpg\" class=\"elementor-animation-float attachment-large size-large wp-image-3994\" alt=\"\" srcset=\"https:\/\/nathanaelzurbruegg.com\/wp-content\/uploads\/2021\/04\/Scan-21-1024x741.jpg 1024w, https:\/\/nathanaelzurbruegg.com\/wp-content\/uploads\/2021\/04\/Scan-21-300x217.jpg 300w, https:\/\/nathanaelzurbruegg.com\/wp-content\/uploads\/2021\/04\/Scan-21-768x555.jpg 768w, https:\/\/nathanaelzurbruegg.com\/wp-content\/uploads\/2021\/04\/Scan-21-600x434.jpg 600w, https:\/\/nathanaelzurbruegg.com\/wp-content\/uploads\/2021\/04\/Scan-21.jpg 1449w\" sizes=\"(max-width: 1024px) 100vw, 1024px\" \/>\t\t\t\t\t\t\t\t\t\t\t<figcaption class=\"widget-image-caption wp-caption-text\"><\/figcaption>\n\t\t\t\t\t\t\t\t\t\t<\/figure>\n\t\t\t\t\t\t\t\t\t<\/div>\n\t\t\t\t<\/div>\n\t\t\t\t\t<\/div>\n\t\t<\/div>\n\t\t\t\t\t<\/div>\n\t\t<\/section>\n\t\t\t\t<section class=\"elementor-section elementor-inner-section elementor-element elementor-element-25e7d52 elementor-section-boxed elementor-section-height-default elementor-section-height-default\" data-id=\"25e7d52\" data-element_type=\"section\" data-e-type=\"section\" data-settings=\"{&quot;background_background&quot;:&quot;classic&quot;}\">\n\t\t\t\t\t\t<div class=\"elementor-container elementor-column-gap-wide\">\n\t\t\t\t\t<div class=\"elementor-column elementor-col-100 elementor-inner-column elementor-element elementor-element-8be70bb\" data-id=\"8be70bb\" data-element_type=\"column\" data-e-type=\"column\">\n\t\t\t<div class=\"elementor-widget-wrap elementor-element-populated\">\n\t\t\t\t\t\t<div class=\"elementor-element elementor-element-101d6f7 elementor-widget elementor-widget-text-editor\" data-id=\"101d6f7\" data-element_type=\"widget\" data-e-type=\"widget\" data-widget_type=\"text-editor.default\">\n\t\t\t\t<div class=\"elementor-widget-container\">\n\t\t\t\t\t\t\t\t\t<p><strong>Teil 4<\/strong><br \/><em><strong>15-20 Jahre<\/strong><\/em><\/p><p>(2003-2008)<\/p><hr \/><p>Im Juli 2004, nach meinen 9 Jahren Schulpflicht, machte ich meinen Schulabschluss. Das war ein rie\u00dfiges Wunder, denn laut meine medizinischen Unterlagen h\u00e4tte ich dies niemals erleben sollen. Auf Grund all der Arzttermine und Krankenhausaufenthalte in diesen 9 Jahren habe ich die Schule noch nicht einmal Vollzeit besucht. Nun meinen Abschluss machen zu k\u00f6nnen, war ein pers\u00f6nliches Highlight f\u00fcr mich. Ebenso war meine Konfirmation in meiner Kirche ein Highlight.<\/p><figure id=\"attachment_3995\" aria-describedby=\"caption-attachment-3995\" style=\"width: 300px\" class=\"wp-caption alignright\"><img decoding=\"async\" class=\"size-medium wp-image-3995\" src=\"https:\/\/nathanaelzurbruegg.com\/wp-content\/uploads\/2021\/04\/Scan-22-300x207.jpg\" alt=\"\" width=\"300\" height=\"207\" srcset=\"https:\/\/nathanaelzurbruegg.com\/wp-content\/uploads\/2021\/04\/Scan-22-300x207.jpg 300w, https:\/\/nathanaelzurbruegg.com\/wp-content\/uploads\/2021\/04\/Scan-22-1024x706.jpg 1024w, https:\/\/nathanaelzurbruegg.com\/wp-content\/uploads\/2021\/04\/Scan-22-768x530.jpg 768w, https:\/\/nathanaelzurbruegg.com\/wp-content\/uploads\/2021\/04\/Scan-22-600x414.jpg 600w, https:\/\/nathanaelzurbruegg.com\/wp-content\/uploads\/2021\/04\/Scan-22.jpg 1451w\" sizes=\"(max-width: 300px) 100vw, 300px\" \/><figcaption id=\"caption-attachment-3995\" class=\"wp-caption-text\">Meine Gro\u00dfeltern und ich an\nmeiner Konfirmation<\/figcaption><\/figure><p>Regelm\u00e4\u00dfig \u00fcber l\u00e4ngere Zeitr\u00e4ume den Schulunterricht zu verpassen, ist f\u00fcr die Zukunft eines Menschen recht schwierig. Normalerweise beginnt man in meinem Heimatland nach dem Schulabschluss eine Ausbildung in irgendeinem Beruf. F\u00fcr jemanden wie mich, der nicht immer zur Schule gehen konnte, war es recht schwierig direkt in eine Berufsausbildung zu gehen. Ich f\u00fchlte mich k\u00f6rperlich und auch emotional noch nicht bereit f\u00fcr so einen gro\u00dfen Schritt.<\/p><p>Wie auch immer bekam ich die Chance weiterhin zur Schule zu gehen und an einem Berufsvorbereitungsjahr in der Schweiz teilzunehmen. Das BVS ist ein Jahr f\u00fcr Menschen, die noch nicht bereit sind in einen Beruf zu gehen, oder noch nicht genau wissen in welche Berufssparte sie gehen m\u00f6chten.<br \/>Dieses Schuljahr war recht schwierig. Ich musste viele Hausaufgaben erledigen, hatte lange Unterrichtstage und viele verschiedene F\u00e4cher. Ich schlug mich durch, da ich zu jener Zeit den Traum hatte, wie ein jeder andere Mensch eine Berufsausbildung machen zu k\u00f6nnen.<\/p><figure id=\"attachment_3993\" aria-describedby=\"caption-attachment-3993\" style=\"width: 300px\" class=\"wp-caption alignleft\"><img decoding=\"async\" class=\"size-medium wp-image-3993\" src=\"https:\/\/nathanaelzurbruegg.com\/wp-content\/uploads\/2021\/04\/Scan-14-300x300.jpg\" alt=\"\" width=\"300\" height=\"300\" srcset=\"https:\/\/nathanaelzurbruegg.com\/wp-content\/uploads\/2021\/04\/Scan-14-300x300.jpg 300w, https:\/\/nathanaelzurbruegg.com\/wp-content\/uploads\/2021\/04\/Scan-14-1024x1024.jpg 1024w, https:\/\/nathanaelzurbruegg.com\/wp-content\/uploads\/2021\/04\/Scan-14-150x150.jpg 150w, https:\/\/nathanaelzurbruegg.com\/wp-content\/uploads\/2021\/04\/Scan-14-768x768.jpg 768w, https:\/\/nathanaelzurbruegg.com\/wp-content\/uploads\/2021\/04\/Scan-14-600x600.jpg 600w, https:\/\/nathanaelzurbruegg.com\/wp-content\/uploads\/2021\/04\/Scan-14-100x100.jpg 100w, https:\/\/nathanaelzurbruegg.com\/wp-content\/uploads\/2021\/04\/Scan-14.jpg 1040w\" sizes=\"(max-width: 300px) 100vw, 300px\" \/><figcaption id=\"caption-attachment-3993\" class=\"wp-caption-text\">Fotoshooting f\u00fcr meine Konfirmation<\/figcaption><\/figure><p>Einige Monate sp\u00e4ter musste ich, auf Grund von Schwierigkeiten mit meinem Dialysekatheter, einer neuen k\u00f6rperlichen Herausforderung gegen\u00fcber treten! Wie ich bereit schon erw\u00e4hnt hatte, musste mein K\u00f6rper schon einige Katheterwechsel \u00fcberstehen. Um genau zu sein, hatte ich bereits so viele, dass die \u00c4rzte Ende 2004 sagten, dass dies f\u00fcr mich nicht mehr m\u00f6glich w\u00e4re!<br \/>Stattdessen ben\u00f6tigten sie nun einen speziellen Zugang zu meinem K\u00f6rper um an das Blut f\u00fcr die Dialyse zu gelangen.<\/p><p><a href=\"https:\/\/de.wikipedia.org\/wiki\/Fistel\">Geht hier zu Wikipedia f\u00fcr mehr Informationen zu Thema Fistel<\/a><\/p><p>Mich f\u00fcr einen Dialyse Schand zu entscheiden, war sehr schwierig f\u00fcr mich, denn dies w\u00fcrde bedeuten, dass mit jeder Dialyse zwei gro\u00dfe Nadeln in mich gestochen werden w\u00fcrden. Aber um am Leben zu bleiben hatte ich keine andere Wahl.<\/p><figure id=\"attachment_3996\" aria-describedby=\"caption-attachment-3996\" style=\"width: 198px\" class=\"wp-caption alignleft\"><img loading=\"lazy\" decoding=\"async\" class=\"size-medium wp-image-3996\" src=\"https:\/\/nathanaelzurbruegg.com\/wp-content\/uploads\/2021\/04\/Scan-scaled-1-198x300.jpg\" alt=\"\" width=\"198\" height=\"300\" srcset=\"https:\/\/nathanaelzurbruegg.com\/wp-content\/uploads\/2021\/04\/Scan-scaled-1-198x300.jpg 198w, https:\/\/nathanaelzurbruegg.com\/wp-content\/uploads\/2021\/04\/Scan-scaled-1-676x1024.jpg 676w, https:\/\/nathanaelzurbruegg.com\/wp-content\/uploads\/2021\/04\/Scan-scaled-1-768x1163.jpg 768w, https:\/\/nathanaelzurbruegg.com\/wp-content\/uploads\/2021\/04\/Scan-scaled-1-1014x1536.jpg 1014w, https:\/\/nathanaelzurbruegg.com\/wp-content\/uploads\/2021\/04\/Scan-scaled-1-1352x2048.jpg 1352w, https:\/\/nathanaelzurbruegg.com\/wp-content\/uploads\/2021\/04\/Scan-scaled-1-600x909.jpg 600w, https:\/\/nathanaelzurbruegg.com\/wp-content\/uploads\/2021\/04\/Scan-scaled-1.jpg 1690w\" sizes=\"(max-width: 198px) 100vw, 198px\" \/><figcaption id=\"caption-attachment-3996\" class=\"wp-caption-text\">Keep calm and grow your hair \ud83d\ude42<\/figcaption><\/figure><p>Kurze Zeit sp\u00e4ter musste ich feststellen, dass zur Schule zu gehen, Dialyse und andere gesundheitliche Probleme einfach zu viel waren. Ich realisierte, dass ich weder Kraft noch Motivation oder Begeisterung f\u00fcr mein Leben versp\u00fcrte. Es wurde ein Burn out diagnostiziert und ich verbrachte ein paar Wochen im Krankenhaus. Alles was ich dort tat, war Vitamine zu mir zu nehmen und nicht viel zu tun, was mir recht schwer fiel. Nach ein paar Wochen konnte ich das Krankenhaus wieder verlassen und beendete erfolgreich mein Schuljahr im Juni 2005.<\/p><p>Im Juli diesen Jahres war ich damit gesegnet worden mit einigen Freunden in den Urlaub fahren zu k\u00f6nnen! Das war eines der ersten Male, dass es mir m\u00f6glich war mit Freunden f\u00fcr eine l\u00e4ngere Zeit wegfahren zu k\u00f6nnen. Die Dialyse Schands erm\u00f6glichten mir sogar ins Wasser gehen zu k\u00f6nnen. Dies war auch das erste Mal, dass ich meine Dialyse in einem anderen Krankenhaus hatte. Ich hatte dies zuvor noch nie ausprobiert, aber durch die shunts war das Ganze einfacher und sicherer.<\/p><p>Im August 2005 war es mir dann m\u00f6glich, meinen Traum einer Berufsausbildung zum Maler zu beginnen. Ich begann meine Ausbildung in einer kleinen Malerfirma in meiner Heimatstadt. Ich war sehr gesegnet, dass mich mein Chef gerne als Auszubildenden einstellen wollte. Eine Berufsausbildung dauert im Normalfall drei Jahre. Da ich allerdings 3 Nachmittage die Woche wegen meiner Dialysebehandlung verpassen w\u00fcrde, beschlossen wir, meine Ausbildung in der Theorie 3 Jahre und in der Praxis 4 Jahre dauern zu lassen.<\/p><p>Im September 2015 wurde ich von dem Besitzer einer gemeinn\u00fctzigen Organisation namens \u201eKids Kidney Care\u201c gefragt, ob ich einen Tandemsprung f\u00fcr Spendenzwecke machen w\u00fcrde. Ich hatte das Privileg,  mit dem zu jener Zeit weltbesten Fallschirmspringer springen zu d\u00fcrfen. Au\u00dferdem waren Musiker, Schauspieler, Sportler und Modeber\u00fchmtheiten bei diesem Projekt mit involviert. F\u00fcr mich war dies ein gro\u00dfes Highlight! Ich habe nicht nur meinen ersten Fallschirmsprung machen d\u00fcrfen, auch wurde ich mit dem Hubschrauber in meiner Heimatstadt abgeholt, in welchem auch schon einige der Ber\u00fchmtheiten sa\u00dfen.\u263a<\/p><p>Im Oktober hatte ich meinen ersten Einf\u00fchrungskurs in meine Berufsausbildung. W\u00e4hrend dieses Kurses ging es mir auf einmal gesundheitlich sehr schlecht und ich bekam \u00fcber 40 Grad Fieber. Ich musste wieder ins Krankenhaus und konnte meinen Einf\u00fchrungskurs nicht beenden. Allerdings nahm ich meine Ausbildung direkt nach meiner Entlassung aus dem Krankenhaus wieder auf.<\/p><p>Im Juli 2006 fuhr ich das erste Mal mit einer Jugendfreizeit ins Ausland. Dies war gro\u00dfartig f\u00fcr mich. Einmal Ferien in einem anderen Land verbringen zu k\u00f6nnen, war ein gro\u00dfer Traum als Kind. Auch dieses Mal musste ich meine Dialysebehandlungen im Voraus buchen, was sich sehr schwierig gestaltete. Ich kann mich an diese Reise noch genau erinnern, mit wem ich unterwegs war und was ich w\u00e4hrend dieser Zeit getan habe.<\/p><p>Neben dem Reisen habe ich auch hart gearbeitet. Es war sehr schwierig \u2013 physisch, emotional und auch spirituell. Es gab Zeiten, in denen ich an die Grenzen meiner Kraft kam. Aber es k\u00fcmmerte mich nicht so sehr, da ich mir meinen Traum erf\u00fcllen wollte.<\/p><p>Das Jahr 2007 verlief ziemlich gut. Jeden Tag arbeiten und drei Mal die Woche zur Dialyse zu gehen, war k\u00f6rperlich sehr anstrengend. Aber w\u00e4hrend dieser Zeit realisierte ich, dass ich ein Leben leben und Tag f\u00fcr Tag aufbl\u00fchen k\u00f6nnte. Meine Dialyse shunts waren ebenfalls ein sehr gro\u00dfer Segen.<br \/>Einen weiteren Traum, den ich mir erf\u00fcllen konnte, war meinen F\u00fchrerschein zu machen. Wenn ich daran zur\u00fcck denke, was die \u00c4rzte mir vor Jahren gesagt hatten, war dies ein unglaubliches Wunder. Ich war nun ziemlich unabh\u00e4ngig, da ich nun eigenst\u00e4ndig zu meinen Behandlungen fahren konnte.<\/p><figure id=\"attachment_3992\" aria-describedby=\"caption-attachment-3992\" style=\"width: 300px\" class=\"wp-caption alignleft\"><img loading=\"lazy\" decoding=\"async\" class=\"size-medium wp-image-3992\" src=\"https:\/\/nathanaelzurbruegg.com\/wp-content\/uploads\/2021\/04\/Bild-046-scaled-1-300x225.jpg\" alt=\"\" width=\"300\" height=\"225\" srcset=\"https:\/\/nathanaelzurbruegg.com\/wp-content\/uploads\/2021\/04\/Bild-046-scaled-1-300x225.jpg 300w, https:\/\/nathanaelzurbruegg.com\/wp-content\/uploads\/2021\/04\/Bild-046-scaled-1-1024x768.jpg 1024w, https:\/\/nathanaelzurbruegg.com\/wp-content\/uploads\/2021\/04\/Bild-046-scaled-1-768x576.jpg 768w, https:\/\/nathanaelzurbruegg.com\/wp-content\/uploads\/2021\/04\/Bild-046-scaled-1-1536x1152.jpg 1536w, https:\/\/nathanaelzurbruegg.com\/wp-content\/uploads\/2021\/04\/Bild-046-scaled-1-2048x1536.jpg 2048w, https:\/\/nathanaelzurbruegg.com\/wp-content\/uploads\/2021\/04\/Bild-046-scaled-1-600x450.jpg 600w\" sizes=\"(max-width: 300px) 100vw, 300px\" \/><figcaption id=\"caption-attachment-3992\" class=\"wp-caption-text\">Mein erstes Auto<\/figcaption><\/figure><p>Im Jahr 2008 geschah ein weiteres Wunder! Ich bestand meine theoretische Pr\u00fcfung und war nun auf dem Papier ein professioneller Maler. Ich musste nun nur noch ein Jahr praktische Arbeit absolvieren.<br \/>Neben meiner Arbeit und der Dialyse verbrachte ich meine Zeit mit Freunden und Familie, ging auf Reisen, hatte Spa\u00df, ging zur Gemeinde und fuhr viel mit meinem geliebten Auto umher. W\u00e4hrend dieser Zeit lernte ich viel \u00fcber das Leben und entwickelte mich weiter. Ich hatte immer noch das Gef\u00fchl, viele Dinge lernen zu m\u00fcssen, da ich in meiner Kindheit so viel verpasst hatte, ich nicht wirklich \u201egelebt\u201c hatte. Aber Tag f\u00fcr Tag ging es mir besser und ich machte auch hier Fortschritte.<\/p><p>Fortsetzung folgt \u2026<\/p>\t\t\t\t\t\t\t\t<\/div>\n\t\t\t\t<\/div>\n\t\t\t\t\t<\/div>\n\t\t<\/div>\n\t\t\t\t\t<\/div>\n\t\t<\/section>\n\t\t\t\t<section class=\"elementor-section elementor-inner-section elementor-element elementor-element-3e7a996 elementor-section-boxed elementor-section-height-default elementor-section-height-default\" data-id=\"3e7a996\" data-element_type=\"section\" data-e-type=\"section\" data-settings=\"{&quot;background_background&quot;:&quot;classic&quot;}\">\n\t\t\t\t\t\t<div class=\"elementor-container elementor-column-gap-default\">\n\t\t\t\t\t<div class=\"elementor-column elementor-col-50 elementor-inner-column elementor-element elementor-element-bcefe7e\" data-id=\"bcefe7e\" data-element_type=\"column\" data-e-type=\"column\">\n\t\t\t<div class=\"elementor-widget-wrap elementor-element-populated\">\n\t\t\t\t\t\t<div class=\"elementor-element elementor-element-7d5775f elementor-align-right elementor-mobile-align-center elementor-widget elementor-widget-button\" data-id=\"7d5775f\" data-element_type=\"widget\" data-e-type=\"widget\" data-widget_type=\"button.default\">\n\t\t\t\t<div class=\"elementor-widget-container\">\n\t\t\t\t\t\t\t\t\t<div class=\"elementor-button-wrapper\">\n\t\t\t\t\t<a class=\"elementor-button elementor-button-link elementor-size-sm\" href=\"https:\/\/nathanaelzurbruegg.com\/de\/about-nathanael\/my-lifestory\/age-20-25\/\">\n\t\t\t\t\t\t<span class=\"elementor-button-content-wrapper\">\n\t\t\t\t\t\t\t\t\t<span class=\"elementor-button-text\">Klick hier um \u201cTeil 5\u201d zu lesen<\/span>\n\t\t\t\t\t<\/span>\n\t\t\t\t\t<\/a>\n\t\t\t\t<\/div>\n\t\t\t\t\t\t\t\t<\/div>\n\t\t\t\t<\/div>\n\t\t\t\t\t<\/div>\n\t\t<\/div>\n\t\t\t\t<div class=\"elementor-column elementor-col-50 elementor-inner-column elementor-element elementor-element-63691b4\" data-id=\"63691b4\" data-element_type=\"column\" data-e-type=\"column\">\n\t\t\t<div class=\"elementor-widget-wrap elementor-element-populated\">\n\t\t\t\t\t\t<div class=\"elementor-element elementor-element-0efc0e2 elementor-widget elementor-widget-button\" data-id=\"0efc0e2\" data-element_type=\"widget\" data-e-type=\"widget\" data-widget_type=\"button.default\">\n\t\t\t\t<div class=\"elementor-widget-container\">\n\t\t\t\t\t\t\t\t\t<div class=\"elementor-button-wrapper\">\n\t\t\t\t\t<a class=\"elementor-button elementor-button-link elementor-size-sm\" href=\"https:\/\/nathanaelzurbruegg.com\/de\/about-nathanael\/pics-age-15-20\/\">\n\t\t\t\t\t\t<span class=\"elementor-button-content-wrapper\">\n\t\t\t\t\t\t\t\t\t<span class=\"elementor-button-text\">Klicke hier f\u00fcr mehr Bilder<\/span>\n\t\t\t\t\t<\/span>\n\t\t\t\t\t<\/a>\n\t\t\t\t<\/div>\n\t\t\t\t\t\t\t\t<\/div>\n\t\t\t\t<\/div>\n\t\t\t\t\t<\/div>\n\t\t<\/div>\n\t\t\t\t\t<\/div>\n\t\t<\/section>\n\t\t\t\t\t<\/div>\n\t\t<\/div>\n\t\t\t\t\t<\/div>\n\t\t<\/section>\n\t\t\t\t<\/div>","protected":false},"excerpt":{"rendered":"<p>Age 15-20 Part 415-20 years old (2003-2008) In July 2004, after 9 years of compulsory learning, I graduated from high school. This was a miracle, as according to my earlier medical reports this should not have happened. Due to all my hospital appointments during those 9 years, I hadn\u2019t even attended school full-time since I [&hellip;]<\/p>\n","protected":false},"author":1,"featured_media":0,"parent":3773,"menu_order":0,"comment_status":"closed","ping_status":"closed","template":"","meta":{"site-sidebar-layout":"no-sidebar","site-content-layout":"page-builder","ast-site-content-layout":"default","site-content-style":"default","site-sidebar-style":"default","ast-global-header-display":"","ast-banner-title-visibility":"","ast-main-header-display":"","ast-hfb-above-header-display":"","ast-hfb-below-header-display":"","ast-hfb-mobile-header-display":"","site-post-title":"disabled","ast-breadcrumbs-content":"","ast-featured-img":"disabled","footer-sml-layout":"","ast-disable-related-posts":"","theme-transparent-header-meta":"default","adv-header-id-meta":"","stick-header-meta":"default","header-above-stick-meta":"","header-main-stick-meta":"","header-below-stick-meta":"","astra-migrate-meta-layouts":"default","ast-page-background-enabled":"default","ast-page-background-meta":{"desktop":{"background-color":"","background-image":"","background-repeat":"repeat","background-position":"center center","background-size":"auto","background-attachment":"scroll","background-type":"","background-media":"","overlay-type":"","overlay-color":"","overlay-opacity":"","overlay-gradient":""},"tablet":{"background-color":"","background-image":"","background-repeat":"repeat","background-position":"center center","background-size":"auto","background-attachment":"scroll","background-type":"","background-media":"","overlay-type":"","overlay-color":"","overlay-opacity":"","overlay-gradient":""},"mobile":{"background-color":"","background-image":"","background-repeat":"repeat","background-position":"center center","background-size":"auto","background-attachment":"scroll","background-type":"","background-media":"","overlay-type":"","overlay-color":"","overlay-opacity":"","overlay-gradient":""}},"ast-content-background-meta":{"desktop":{"background-color":"var(--ast-global-color-5)","background-image":"","background-repeat":"repeat","background-position":"center center","background-size":"auto","background-attachment":"scroll","background-type":"","background-media":"","overlay-type":"","overlay-color":"","overlay-opacity":"","overlay-gradient":""},"tablet":{"background-color":"var(--ast-global-color-5)","background-image":"","background-repeat":"repeat","background-position":"center center","background-size":"auto","background-attachment":"scroll","background-type":"","background-media":"","overlay-type":"","overlay-color":"","overlay-opacity":"","overlay-gradient":""},"mobile":{"background-color":"var(--ast-global-color-5)","background-image":"","background-repeat":"repeat","background-position":"center center","background-size":"auto","background-attachment":"scroll","background-type":"","background-media":"","overlay-type":"","overlay-color":"","overlay-opacity":"","overlay-gradient":""}},"footnotes":""},"class_list":["post-4005","page","type-page","status-publish","hentry"],"_links":{"self":[{"href":"https:\/\/nathanaelzurbruegg.com\/de\/wp-json\/wp\/v2\/pages\/4005","targetHints":{"allow":["GET"]}}],"collection":[{"href":"https:\/\/nathanaelzurbruegg.com\/de\/wp-json\/wp\/v2\/pages"}],"about":[{"href":"https:\/\/nathanaelzurbruegg.com\/de\/wp-json\/wp\/v2\/types\/page"}],"author":[{"embeddable":true,"href":"https:\/\/nathanaelzurbruegg.com\/de\/wp-json\/wp\/v2\/users\/1"}],"replies":[{"embeddable":true,"href":"https:\/\/nathanaelzurbruegg.com\/de\/wp-json\/wp\/v2\/comments?post=4005"}],"version-history":[{"count":7,"href":"https:\/\/nathanaelzurbruegg.com\/de\/wp-json\/wp\/v2\/pages\/4005\/revisions"}],"predecessor-version":[{"id":4222,"href":"https:\/\/nathanaelzurbruegg.com\/de\/wp-json\/wp\/v2\/pages\/4005\/revisions\/4222"}],"up":[{"embeddable":true,"href":"https:\/\/nathanaelzurbruegg.com\/de\/wp-json\/wp\/v2\/pages\/3773"}],"wp:attachment":[{"href":"https:\/\/nathanaelzurbruegg.com\/de\/wp-json\/wp\/v2\/media?parent=4005"}],"curies":[{"name":"wp","href":"https:\/\/api.w.org\/{rel}","templated":true}]}}