{"id":4135,"date":"2021-04-05T21:49:53","date_gmt":"2021-04-05T21:49:53","guid":{"rendered":"https:\/\/nathanaelzurbruegg.com\/?page_id=4135"},"modified":"2023-08-21T13:44:21","modified_gmt":"2023-08-21T13:44:21","slug":"terms-of-service","status":"publish","type":"page","link":"https:\/\/nathanaelzurbruegg.com\/de\/terms-of-service\/","title":{"rendered":"Terms of Service"},"content":{"rendered":"<p><strong>1. Wer wir sind<\/strong><br \/>\nDie Website nathanaelzurbruegg.com und die darin enthaltenen Waren werden von Unlimit You gehalten und verwaltet. Unlimit You ist ein eingetragenes Einzelunternehmen im Namen von Nathanael Zurbruegg<br \/>\nRegistered Number CHE429116312 based in the Canton Graub\u00fcnden, Switzerland.<\/p>\n<p><strong>2. Welche pers\u00f6nlichen Daten wir sammeln und warum wir sie sammeln:<\/strong><\/p>\n<p><strong>Kommentare:<\/strong><br \/>\nWenn Besucher Kommentare auf der Website hinterlassen, sammeln wir die Daten, die im Kommentarformular angezeigt werden, sowie die IP-Adresse und den Browser-Benutzer-Agent-String des Besuchers, um die Spam-Erkennung zu unterst\u00fctzen.<\/p>\n<p><strong>Kontaktformulare:<\/strong><br \/>\nWerden automatisch zu unserem Customer Relationship Management System (CRM) hinzugef\u00fcgt.<\/p>\n<p><strong>Cookies:<\/strong><br \/>\nWenn Sie einen Kommentar auf unserer Website hinterlassen, k\u00f6nnen Sie sich damit einverstanden erkl\u00e4ren, dass Ihr Name, Ihre E-Mail-Adresse und Ihre Website in Cookies gespeichert werden. Diese dienen Ihrer Bequemlichkeit, damit Sie Ihre Daten nicht erneut eingeben m\u00fcssen, wenn Sie einen weiteren Kommentar hinterlassen. Diese Cookies sind ein Jahr lang g\u00fcltig.<\/p>\n<p>Wenn Sie ein Konto haben und sich auf dieser Website anmelden, setzen wir ein tempor\u00e4res Cookie, um festzustellen, ob Ihr Browser Cookies zul\u00e4sst. Dieses Cookie enth\u00e4lt keine pers\u00f6nlichen Daten und wird gel\u00f6scht, wenn Sie Ihren Browser schlie\u00dfen.<\/p>\n<p>Wenn Sie sich anmelden, legen wir au\u00dferdem mehrere Cookies an, um Ihre Anmeldeinformationen und die von Ihnen gew\u00e4hlten Bildschirmoptionen zu speichern. Die Anmelde-Cookies bleiben zwei Tage lang gespeichert, die Cookies f\u00fcr die Bildschirmoptionen ein Jahr lang. Wenn Sie \"Remember Me\" w\u00e4hlen, bleibt Ihr Login zwei Wochen lang erhalten. Wenn Sie sich von Ihrem Konto abmelden, werden die Anmelde-Cookies entfernt.<\/p>\n<p>Wenn Sie einen Artikel bearbeiten oder ver\u00f6ffentlichen, wird ein zus\u00e4tzliches Cookie in Ihrem Browser gespeichert. Dieses Cookie enth\u00e4lt keine pers\u00f6nlichen Daten und zeigt lediglich die Post-ID des Artikels an, den Sie gerade bearbeitet haben. Es verf\u00e4llt nach 1 Tag.<\/p>\n<p>Eingebettete Inhalte von anderen Websites:<br \/>\nArtikel auf dieser Website k\u00f6nnen eingebettete Inhalte enthalten (z. B. Videos von youtube)<br \/>\nDiese Websites k\u00f6nnen Daten \u00fcber Sie sammeln, Cookies verwenden, zus\u00e4tzliche Spuren von Drittanbietern einbetten Analytics<\/p>\n<p><strong>Analytik:<\/strong><br \/>\nWir verwenden Google Analytics mit anonymisierten Daten. Es werden lediglich die IP-Adresse und die Domains erfasst.<\/p>\n<p><strong>Mit wem wir Ihre Daten teilen:<\/strong><br \/>\nDie Informationen werden nicht an Dritte weitergegeben.<\/p>\n<p><strong>Wie lange wir Ihre Daten aufbewahren:<\/strong><br \/>\nWenn Sie einen Kommentar hinterlassen, werden der Kommentar und seine Metadaten auf unbestimmte Zeit gespeichert. Auf diese Weise k\u00f6nnen wir Folgekommentare automatisch erkennen und genehmigen, anstatt sie in einer Moderationswarteschlange zu halten.<\/p>\n<p>Bei Nutzern, die sich auf unserer Website registrieren (falls vorhanden), speichern wir auch die pers\u00f6nlichen Daten, die sie in ihrem Nutzerprofil angeben. Alle Nutzer k\u00f6nnen ihre pers\u00f6nlichen Daten jederzeit einsehen, bearbeiten oder l\u00f6schen (sie k\u00f6nnen jedoch ihren Benutzernamen nicht \u00e4ndern). Auch die Administratoren der Website k\u00f6nnen diese Daten einsehen und bearbeiten.<\/p>\n<p><strong>Welche Rechte Sie in Bezug auf Ihre Daten haben:<\/strong><br \/>\nWenn Sie ein Konto auf dieser Website haben oder Kommentare hinterlassen haben, k\u00f6nnen Sie beantragen, eine exportierte Datei mit den personenbezogenen Daten zu erhalten, die wir \u00fcber Sie gespeichert haben, einschlie\u00dflich aller Daten, die Sie uns zur Verf\u00fcgung gestellt haben. Sie k\u00f6nnen auch verlangen, dass wir alle personenbezogenen Daten, die wir \u00fcber Sie gespeichert haben, l\u00f6schen. Dies gilt nicht f\u00fcr Daten, die wir aus administrativen, rechtlichen oder Sicherheitsgr\u00fcnden aufbewahren m\u00fcssen.<\/p>\n<p><strong>Where we send your data:<\/strong><br \/>\nBesucherkommentare k\u00f6nnen durch einen automatischen Spam-Erkennungsdienst \u00fcberpr\u00fcft werden.<\/p>\n<p><strong>Shop:<\/strong><br \/>\nDie Geld-zur\u00fcck-Garantie gilt wie folgt...<br \/>\n1. Die Gr\u00f6\u00dfe stimmt nicht und es ist keine Gr\u00f6\u00dfen\u00e4nderung m\u00f6glich. (Dies gilt nicht f\u00fcr eine falsch bestellte Gr\u00f6\u00dfe des K\u00e4ufers.)<br \/>\n2. Wenn das Produkt besch\u00e4digt beim K\u00e4ufer ankommt.<br \/>\n3. Wenn in den oben genannten F\u00e4llen die Ware vom K\u00e4ufer zur\u00fcckgeschickt wird (kostenlos)<\/p>\n<p>Bitte beachten Sie: www.nathanaelzurbruegg.com ist nicht verantwortlich, wenn die Adresse falsch angegeben wurde. Bitte \u00fcberpr\u00fcfen Sie alle Eingaben, bevor Sie eine Zahlung vornehmen<\/p>\n<p>&nbsp;<\/p>\n<p><strong>Ihre Kontaktinformationen:<\/strong><br \/>\nUnlimit You - Nathanael Zurbr\u00fcgg (Firmenregisternummer CHE429116312)<br \/>\nVia Glogn 3<br \/>\n7126 Castrisch<br \/>\nGraub\u00fcnden, Switzerland<\/p>","protected":false},"excerpt":{"rendered":"<p>1. Who we are The nathanaelzurbruegg.com website and merchandise is held and navigated by Unlimit You. Unlimit You is a registered individual Enterprise in the Name of Nathanael Zurbruegg Registered Number CHE429116312 based in the Canton Graub\u00fcnden, Switzerland. 2. What personal data we collect and why we collect it: Comments: When visitors leave comments on [&hellip;]<\/p>\n","protected":false},"author":1,"featured_media":0,"parent":0,"menu_order":0,"comment_status":"closed","ping_status":"closed","template":"","meta":{"site-sidebar-layout":"default","site-content-layout":"content-boxed-container","ast-site-content-layout":"normal-width-container","site-content-style":"boxed","site-sidebar-style":"unboxed","ast-global-header-display":"","ast-banner-title-visibility":"","ast-main-header-display":"","ast-hfb-above-header-display":"","ast-hfb-below-header-display":"","ast-hfb-mobile-header-display":"","site-post-title":"","ast-breadcrumbs-content":"","ast-featured-img":"","footer-sml-layout":"","ast-disable-related-posts":"","theme-transparent-header-meta":"default","adv-header-id-meta":"","stick-header-meta":"default","header-above-stick-meta":"","header-main-stick-meta":"","header-below-stick-meta":"","astra-migrate-meta-layouts":"set","ast-page-background-enabled":"default","ast-page-background-meta":{"desktop":{"background-color":"","background-image":"","background-repeat":"repeat","background-position":"center center","background-size":"auto","background-attachment":"scroll","background-type":"","background-media":"","overlay-type":"","overlay-color":"","overlay-opacity":"","overlay-gradient":""},"tablet":{"background-color":"","background-image":"","background-repeat":"repeat","background-position":"center center","background-size":"auto","background-attachment":"scroll","background-type":"","background-media":"","overlay-type":"","overlay-color":"","overlay-opacity":"","overlay-gradient":""},"mobile":{"background-color":"","background-image":"","background-repeat":"repeat","background-position":"center center","background-size":"auto","background-attachment":"scroll","background-type":"","background-media":"","overlay-type":"","overlay-color":"","overlay-opacity":"","overlay-gradient":""}},"ast-content-background-meta":{"desktop":{"background-color":"var(--ast-global-color-5)","background-image":"","background-repeat":"repeat","background-position":"center center","background-size":"auto","background-attachment":"scroll","background-type":"","background-media":"","overlay-type":"","overlay-color":"","overlay-opacity":"","overlay-gradient":""},"tablet":{"background-color":"var(--ast-global-color-5)","background-image":"","background-repeat":"repeat","background-position":"center center","background-size":"auto","background-attachment":"scroll","background-type":"","background-media":"","overlay-type":"","overlay-color":"","overlay-opacity":"","overlay-gradient":""},"mobile":{"background-color":"var(--ast-global-color-5)","background-image":"","background-repeat":"repeat","background-position":"center center","background-size":"auto","background-attachment":"scroll","background-type":"","background-media":"","overlay-type":"","overlay-color":"","overlay-opacity":"","overlay-gradient":""}},"footnotes":""},"class_list":["post-4135","page","type-page","status-publish","hentry"],"_links":{"self":[{"href":"https:\/\/nathanaelzurbruegg.com\/de\/wp-json\/wp\/v2\/pages\/4135","targetHints":{"allow":["GET"]}}],"collection":[{"href":"https:\/\/nathanaelzurbruegg.com\/de\/wp-json\/wp\/v2\/pages"}],"about":[{"href":"https:\/\/nathanaelzurbruegg.com\/de\/wp-json\/wp\/v2\/types\/page"}],"author":[{"embeddable":true,"href":"https:\/\/nathanaelzurbruegg.com\/de\/wp-json\/wp\/v2\/users\/1"}],"replies":[{"embeddable":true,"href":"https:\/\/nathanaelzurbruegg.com\/de\/wp-json\/wp\/v2\/comments?post=4135"}],"version-history":[{"count":6,"href":"https:\/\/nathanaelzurbruegg.com\/de\/wp-json\/wp\/v2\/pages\/4135\/revisions"}],"predecessor-version":[{"id":7161,"href":"https:\/\/nathanaelzurbruegg.com\/de\/wp-json\/wp\/v2\/pages\/4135\/revisions\/7161"}],"wp:attachment":[{"href":"https:\/\/nathanaelzurbruegg.com\/de\/wp-json\/wp\/v2\/media?parent=4135"}],"curies":[{"name":"wp","href":"https:\/\/api.w.org\/{rel}","templated":true}]}}